{"id":796,"date":"2019-03-12T03:14:38","date_gmt":"2019-03-12T03:14:38","guid":{"rendered":"https:\/\/doosys.ma\/managed-it-services\/"},"modified":"2021-07-05T16:46:59","modified_gmt":"2021-07-05T16:46:59","slug":"technologies","status":"publish","type":"page","link":"https:\/\/doosys.ma\/en\/technologies\/","title":{"rendered":"TECHNOLOGIES"},"content":{"rendered":"<div id=\"tm-row-69e8d60eb4539\" data-vc-full-width=\"true\" data-vc-full-width-init=\"false\" class=\"vc_row vc_row-outer vc_row-fluid vc_container-has-overlay\"><div class=\"vc_container-overlay\"><\/div><div id=\"tm-column-69e8d60eb4c91\" class=\"wpb_column vc_column_container vc_col-sm-12\"><div class=\"vc_column-inner\"><div class=\"wpb_wrapper\"><div class=\"tm-spacer\" id=\"tm-spacer-69e8d60eb4e83\"><\/div>\n\n<div class=\"tm-heading below-separator center tm-animation move-up\" id=\"tm-heading-69e8d60eb5034\">\n\t<h5 class=\"heading\" style=\"\">OUR REFERENCE TECHNOLOGIES<\/h5><div class=\"separator\"><\/div><\/div>\n\n<div class=\"tm-spacer\" id=\"tm-spacer-69e8d60eb53e1\"><\/div>\n<\/div><\/div><\/div><\/div><div class=\"vc_row-full-width vc_clearfix\"><\/div><div id=\"tm-row-69e8d60eb5527\" class=\"vc_row vc_row-outer vc_row-fluid\"><div id=\"tm-column-69e8d60eb5765\" class=\"wpb_column vc_column_container vc_col-sm-12\"><div class=\"vc_column-inner\"><div class=\"wpb_wrapper\"><div class=\"tm-spacer\" id=\"tm-spacer-69e8d60eb5903\"><\/div>\n<\/div><\/div><\/div><\/div><div id=\"tm-row-69e8d60eb5a23\" class=\"vc_row vc_row-outer vc_row-fluid\"><div id=\"tm-column-69e8d60eb5c6d\" class=\"wpb_column vc_column_container vc_col-sm-8\"><div class=\"vc_column-inner\"><div class=\"wpb_wrapper\">\n<div class=\"tm-heading below-thin-separator left tm-animation move-up\" id=\"tm-heading-69e8d60eb5ee4\">\n\t<h3 class=\"heading\" style=\"\">OFFICIAL ODOO PARTNER<\/h3><\/div>\n\n<div class=\"tm-spacer\" id=\"tm-spacer-69e8d60eb6251\"><\/div>\n\n\t<div class=\"wpb_text_column wpb_content_element  tm-animation move-up\" >\n\t\t<div class=\"wpb_wrapper\">\n\t\t\t<div class=\"flex_column av_two_third flex_column_div av-zero-column-padding first avia-builder-el-10 el_after_av_hr el_before_av_one_third\">\n<section class=\"av_textblock_section\">\n<div class=\"avia_textblock\">\n<p>doosys is an Official Odoo Partner. This allows our customers to benefit from quality services, with teams trained and experienced on Odoo, while having the assurance of the direct involvement of the Odoo publisher, in the event of a need for assistance and \/ or complaints.<\/p>\n<\/div>\n<\/section>\n<\/div>\n<div class=\"flex_column av_one_third flex_column_div av-zero-column-padding avia-builder-el-12 el_after_av_two_third avia-builder-el-last\">\n<div class=\"avia-image-container av-styling- avia-builder-el-13 avia-builder-el-no-sibling avia-align-center\">\n<div class=\"avia-image-container-inner\"><\/div>\n<\/div>\n<\/div>\n\n\t\t<\/div>\n\t<\/div>\n<\/div><\/div><\/div><div id=\"tm-column-69e8d60eb64b6\" class=\"wpb_column vc_column_container vc_col-sm-4\"><div class=\"vc_column-inner\"><div class=\"wpb_wrapper\"><div class=\"tm-spacer\" id=\"tm-spacer-69e8d60eb6653\"><\/div>\n<div class=\"tm-image tm-animation move-up\" id=\"tm-image-69e8d60eb6718\">\n\t\t\t<div class=\"image\"><img decoding=\"async\"  class=\"ll-image unload\" alt=\"odoobackground\" src=\"https:\/\/doosys.ma\/wp-content\/uploads\/2021\/07\/odoobackground-50x23.png\" data-src=\"https:\/\/doosys.ma\/wp-content\/uploads\/2021\/07\/odoobackground.png\" \/><\/div>\t<\/div>\n<\/div><\/div><\/div><\/div><div id=\"tm-row-69e8d60eb6d74\" class=\"vc_row vc_row-outer vc_row-fluid\"><div id=\"tm-column-69e8d60eb6f61\" class=\"wpb_column vc_column_container vc_col-sm-12\"><div class=\"vc_column-inner\"><div class=\"wpb_wrapper\"><div class=\"tm-spacer\" id=\"tm-spacer-69e8d60eb70ba\"><\/div>\n<\/div><\/div><\/div><\/div><div id=\"tm-row-69e8d60eb71d3\" class=\"vc_row vc_row-outer vc_row-fluid\"><div id=\"tm-column-69e8d60eb73bf\" class=\"wpb_column vc_column_container vc_col-sm-4\"><div class=\"vc_column-inner\"><div class=\"wpb_wrapper\">\n<div class=\"tm-heading below-thin-separator left tm-animation move-up\" id=\"tm-heading-69e8d60eb761d\">\n\t<h3 class=\"heading\" style=\"\">ODOO<\/h3><\/div>\n\n<div class=\"tm-spacer\" id=\"tm-spacer-69e8d60eb798a\"><\/div>\n<div class=\"tm-image tm-animation move-up\" id=\"tm-image-69e8d60eb7a2a\">\n\t\t\t<div class=\"image\"><img decoding=\"async\"  class=\"ll-image unload\" alt=\"Odoo\" src=\"https:\/\/doosys.ma\/wp-content\/uploads\/2021\/07\/Odoo-50x34.png\" data-src=\"https:\/\/doosys.ma\/wp-content\/uploads\/2021\/07\/Odoo.png\" \/><\/div>\t<\/div>\n<div class=\"tm-spacer\" id=\"tm-spacer-69e8d60eb7f0e\"><\/div>\n<\/div><\/div><\/div><div id=\"tm-column-69e8d60eb7fb7\" class=\"wpb_column vc_column_container vc_col-sm-8\"><div class=\"vc_column-inner\"><div class=\"wpb_wrapper\"><div class=\"tm-spacer\" id=\"tm-spacer-69e8d60eb8147\"><\/div>\n\n\t<div class=\"wpb_text_column wpb_content_element  tm-animation move-up\" >\n\t\t<div class=\"wpb_wrapper\">\n\t\t\t<div class=\"flex_column av_two_third flex_column_div av-zero-column-padding first avia-builder-el-10 el_after_av_hr el_before_av_one_third\">\n<section class=\"av_textblock_section\">\n<div class=\"avia_textblock\">\n<p>It is the flagship solution for business management,\u00a0<strong>world number 1<\/strong>\u00a0in open-source, it is a successful project with more than 12 years of development of an editor supervising the whole of the basic core as well as the feedback of a large community of integrators and users.<\/p>\n<p>It represents an ideal Agile software, able to meet any specific need with also native \"business\" developments very suitable for service, industry or trading.<\/p>\n<p>Odoo (OpenERP) allows you to start with the basic functionalities necessary for the activity of the company. And depending on your changing needs, activate new existing modules or create the missing modules.<\/p>\n<\/div>\n<\/section>\n<\/div>\n\n\t\t<\/div>\n\t<\/div>\n<\/div><\/div><\/div><\/div><div id=\"tm-row-69e8d60eb833c\" class=\"vc_row vc_row-outer vc_row-fluid\"><div id=\"tm-column-69e8d60eb8503\" class=\"wpb_column vc_column_container vc_col-sm-12\"><div class=\"vc_column-inner\"><div class=\"wpb_wrapper\"><div class=\"tm-spacer\" id=\"tm-spacer-69e8d60eb8642\"><\/div>\n<\/div><\/div><\/div><\/div><div id=\"tm-row-69e8d60eb872a\" class=\"vc_row vc_row-outer vc_row-fluid\"><div id=\"tm-column-69e8d60eb88f3\" class=\"wpb_column vc_column_container vc_col-sm-8\"><div class=\"vc_column-inner\"><div class=\"wpb_wrapper\">\n<div class=\"tm-heading below-thin-separator left tm-animation move-up\" id=\"tm-heading-69e8d60eb8ae7\">\n\t<h3 class=\"heading\" style=\"\">ASTERISK<\/h3><\/div>\n\n<div class=\"tm-spacer\" id=\"tm-spacer-69e8d60eb8df3\"><\/div>\n\n\t<div class=\"wpb_text_column wpb_content_element  tm-animation move-up\" >\n\t\t<div class=\"wpb_wrapper\">\n\t\t\t<div class=\"flex_column av_two_third flex_column_div av-zero-column-padding first avia-builder-el-10 el_after_av_hr el_before_av_one_third\">\n<section class=\"av_textblock_section\">\n<div class=\"avia_textblock\">\n<p>Asterisk is an open source private telephone exchange (PABX). It allows, among other things, voicemail, queues, call agents, music on hold and call alerts, call distribution.<\/p>\n<p>It is also possible to add the use of conferences by installing additional modules and recompiling binaries.<\/p>\n<\/div>\n<\/section>\n<\/div>\n\n\t\t<\/div>\n\t<\/div>\n<\/div><\/div><\/div><div id=\"tm-column-69e8d60eb8f83\" class=\"wpb_column vc_column_container vc_col-sm-4\"><div class=\"vc_column-inner\"><div class=\"wpb_wrapper\"><div class=\"tm-spacer\" id=\"tm-spacer-69e8d60eb90ba\"><\/div>\n<div class=\"tm-image tm-animation move-up\" id=\"tm-image-69e8d60eb914e\">\n\t\t\t<div class=\"image\"><img decoding=\"async\"  class=\"ll-image unload\" alt=\"Asterisk\" src=\"https:\/\/doosys.ma\/wp-content\/uploads\/2021\/07\/Asterisk-50x28.png\" data-src=\"https:\/\/doosys.ma\/wp-content\/uploads\/2021\/07\/Asterisk.png\" \/><\/div>\t<\/div>\n<\/div><\/div><\/div><\/div><div id=\"tm-row-69e8d60eb9668\" class=\"vc_row vc_row-outer vc_row-fluid\"><div id=\"tm-column-69e8d60eb980f\" class=\"wpb_column vc_column_container vc_col-sm-12\"><div class=\"vc_column-inner\"><div class=\"wpb_wrapper\"><div class=\"tm-spacer\" id=\"tm-spacer-69e8d60eb9926\"><\/div>\n<\/div><\/div><\/div><\/div><div id=\"tm-row-69e8d60eb9a23\" class=\"vc_row vc_row-outer vc_row-fluid\"><div id=\"tm-column-69e8d60eb9be2\" class=\"wpb_column vc_column_container vc_col-sm-4\"><div class=\"vc_column-inner\"><div class=\"wpb_wrapper\">\n<div class=\"tm-heading below-thin-separator left tm-animation move-up\" id=\"tm-heading-69e8d60eb9dad\">\n\t<h3 class=\"heading\" style=\"\">VTIGER<\/h3><\/div>\n\n<div class=\"tm-spacer\" id=\"tm-spacer-69e8d60eba0d9\"><\/div>\n<div class=\"tm-image tm-animation move-up\" id=\"tm-image-69e8d60eba15c\">\n\t\t\t<div class=\"image\"><img decoding=\"async\"  class=\"ll-image unload\" alt=\"Vtiger\" src=\"https:\/\/doosys.ma\/wp-content\/uploads\/2021\/07\/Vtiger-50x13.png\" data-src=\"https:\/\/doosys.ma\/wp-content\/uploads\/2021\/07\/Vtiger.png\" \/><\/div>\t<\/div>\n<div class=\"tm-spacer\" id=\"tm-spacer-69e8d60eba5bb\"><\/div>\n<\/div><\/div><\/div><div id=\"tm-column-69e8d60eba692\" class=\"wpb_column vc_column_container vc_col-sm-8\"><div class=\"vc_column-inner\"><div class=\"wpb_wrapper\"><div class=\"tm-spacer\" id=\"tm-spacer-69e8d60eba7ed\"><\/div>\n\n\t<div class=\"wpb_text_column wpb_content_element  tm-animation move-up\" >\n\t\t<div class=\"wpb_wrapper\">\n\t\t\t<div class=\"flex_column av_two_third flex_column_div av-zero-column-padding first avia-builder-el-10 el_after_av_hr el_before_av_one_third\">\n<section class=\"av_textblock_section\">\n<div class=\"avia_textblock\">\n<p><strong>vtiger CRM<\/strong>\u00a0is a 100% open source CRM software available with a marketing module, sales management and customer service.<\/p>\n<p>Vtiger CRM offers a wide range of functionalities, making this open source CRM one of the most attractive solutions of the moment, it offers complete modules covering marketing operations, sales force activity, sales management, campaigns marketing and customer care.<\/p>\n<\/div>\n<\/section>\n<\/div>\n\n\t\t<\/div>\n\t<\/div>\n<\/div><\/div><\/div><\/div><div id=\"tm-row-69e8d60eba9ba\" class=\"vc_row vc_row-outer vc_row-fluid\"><div id=\"tm-column-69e8d60ebab7a\" class=\"wpb_column vc_column_container vc_col-sm-12\"><div class=\"vc_column-inner\"><div class=\"wpb_wrapper\"><div class=\"tm-spacer\" id=\"tm-spacer-69e8d60ebacc1\"><\/div>\n<\/div><\/div><\/div><\/div><div id=\"tm-row-69e8d60ebadcd\" class=\"vc_row vc_row-outer vc_row-fluid\"><div id=\"tm-column-69e8d60ebafb9\" class=\"wpb_column vc_column_container vc_col-sm-8\"><div class=\"vc_column-inner\"><div class=\"wpb_wrapper\">\n<div class=\"tm-heading below-thin-separator left tm-animation move-up\" id=\"tm-heading-69e8d60ebb1b0\">\n\t<h3 class=\"heading\" style=\"\">SAP BUSINESS ONE<\/h3><\/div>\n\n<div class=\"tm-spacer\" id=\"tm-spacer-69e8d60ebb50a\"><\/div>\n\n\t<div class=\"wpb_text_column wpb_content_element  tm-animation move-up\" >\n\t\t<div class=\"wpb_wrapper\">\n\t\t\t<div class=\"flex_column av_two_third flex_column_div av-zero-column-padding first avia-builder-el-10 el_after_av_hr el_before_av_one_third\">\n<section class=\"av_textblock_section\">\n<div class=\"avia_textblock\">\n<div class=\"flex_column av_two_third flex_column_div av-zero-column-padding first avia-builder-el-45 el_after_av_hr el_before_av_one_third\">\n<section class=\"av_textblock_section\">\n<div class=\"avia_textblock\">\n<p>SAP Business One is business software for small and medium businesses. As an ERP solution, it aims to automate key business functions in the areas of finance, operations and human resources.<\/p>\n<\/div>\n<\/section>\n<\/div>\n<\/div>\n<\/section>\n<\/div>\n\n\t\t<\/div>\n\t<\/div>\n<\/div><\/div><\/div><div id=\"tm-column-69e8d60ebb696\" class=\"wpb_column vc_column_container vc_col-sm-4\"><div class=\"vc_column-inner\"><div class=\"wpb_wrapper\"><div class=\"tm-spacer\" id=\"tm-spacer-69e8d60ebb7d0\"><\/div>\n<div class=\"tm-image tm-animation move-up\" id=\"tm-image-69e8d60ebb862\">\n\t\t\t<div class=\"image\"><img decoding=\"async\"  class=\"ll-image unload\" alt=\"unnamed\" src=\"https:\/\/doosys.ma\/wp-content\/uploads\/2021\/07\/unnamed-1-50x26.png\" data-src=\"https:\/\/doosys.ma\/wp-content\/uploads\/2021\/07\/unnamed-1.png\" \/><\/div>\t<\/div>\n<\/div><\/div><\/div><\/div><div id=\"tm-row-69e8d60ebbd51\" class=\"vc_row vc_row-outer vc_row-fluid\"><div id=\"tm-column-69e8d60ebbf12\" class=\"wpb_column vc_column_container vc_col-sm-12\"><div class=\"vc_column-inner\"><div class=\"wpb_wrapper\"><div class=\"tm-spacer\" id=\"tm-spacer-69e8d60ebc051\"><\/div>\n<\/div><\/div><\/div><\/div><div id=\"tm-row-69e8d60ebc150\" class=\"vc_row vc_row-outer vc_row-fluid\"><div id=\"tm-column-69e8d60ebc315\" class=\"wpb_column vc_column_container vc_col-sm-4\"><div class=\"vc_column-inner\"><div class=\"wpb_wrapper\">\n<div class=\"tm-heading below-thin-separator left tm-animation move-up\" id=\"tm-heading-69e8d60ebc4ea\">\n\t<h3 class=\"heading\" style=\"\">MAARCH<\/h3><\/div>\n\n<div class=\"tm-spacer\" id=\"tm-spacer-69e8d60ebc842\"><\/div>\n<div class=\"tm-image tm-animation move-up\" id=\"tm-image-69e8d60ebc8c5\">\n\t\t\t<div class=\"image\"><img decoding=\"async\"  class=\"ll-image unload\" alt=\"Maarch-RM\" src=\"https:\/\/doosys.ma\/wp-content\/uploads\/2021\/07\/Maarch-RM-50x14.png\" data-src=\"https:\/\/doosys.ma\/wp-content\/uploads\/2021\/07\/Maarch-RM.png\" \/><\/div>\t<\/div>\n<div class=\"tm-spacer\" id=\"tm-spacer-69e8d60ebccda\"><\/div>\n<\/div><\/div><\/div><div id=\"tm-column-69e8d60ebcda1\" class=\"wpb_column vc_column_container vc_col-sm-8\"><div class=\"vc_column-inner\"><div class=\"wpb_wrapper\"><div class=\"tm-spacer\" id=\"tm-spacer-69e8d60ebceca\"><\/div>\n\n\t<div class=\"wpb_text_column wpb_content_element  tm-animation move-up\" >\n\t\t<div class=\"wpb_wrapper\">\n\t\t\t<div class=\"flex_column av_two_third flex_column_div av-zero-column-padding first avia-builder-el-10 el_after_av_hr el_before_av_one_third\">\n<section class=\"av_textblock_section\">\n<div class=\"avia_textblock\">\n<p>Maarch has established itself as a benchmark in the publishing market for free and open source electronic mail management solutions, then electronic archiving with probative value.<\/p>\n<p>A recognized specialist in document management, Maarch has chosen to place the user experience at the center of its software development processes, as close as possible to the Businesses, while offering a functional field that is rare in these markets.<\/p>\n<\/div>\n<\/section>\n<\/div>\n\n\t\t<\/div>\n\t<\/div>\n<\/div><\/div><\/div><\/div><div id=\"tm-row-69e8d60ebd06f\" class=\"vc_row vc_row-outer vc_row-fluid\"><div id=\"tm-column-69e8d60ebd204\" class=\"wpb_column vc_column_container vc_col-sm-12\"><div class=\"vc_column-inner\"><div class=\"wpb_wrapper\"><div class=\"tm-spacer\" id=\"tm-spacer-69e8d60ebd332\"><\/div>\n<\/div><\/div><\/div><\/div>","protected":false},"excerpt":{"rendered":"NOS TECHNOLOGIES DE R\u00c9F\u00c9RENCE PARTENAIRE ODOO OFFICIEL doosys est un Partenaire Odoo Officiel. Cela permet \u00e0 nos client de b\u00e9n\u00e9ficier de services de qualit\u00e9, avec des \u00e9quipes form\u00e9es et exp\u00e9riment\u00e9es sur Odoo, tout en ayant l\u2019assurance de l\u2019implication directe de l\u2019\u00e9diteur Odoo, en cas de besoin d\u2019assistance et\/ou r\u00e9clamation. ODOO C\u2019est la solution phare pour la gestion d\u2019entreprise,\u00a0num\u00e9ros 1 mondial\u00a0dans l\u2019open-source, c\u2019est un projet abouti avec plus de 12 ann\u00e9es de d\u00e9veloppement d\u2019un \u00e9diteur supervisant l\u2019ensemble du noyau de base ainsi que le retour d\u2019exp\u00e9rience d\u2019une large communaut\u00e9 d\u2019int\u00e9grateurs et d\u2019utilisateurs. Il repr\u00e9sente un id\u00e9al de logiciel Agile, capable de r\u00e9pondre \u00e0 n\u2019importe quel besoin sp\u00e9cifique avec \u00e9galement des d\u00e9veloppements \u00abm\u00e9tier\u00bb natifs tr\u00e8s adapt\u00e9s au service, \u00e0 l\u2019industrie ou au n\u00e9goce. Odoo (OpenERP) permet de d\u00e9marrer avec les fonctionnalit\u00e9s de base n\u00e9cessaire \u00e0 l\u2019activit\u00e9 de l\u2019entreprise. Et en fonction de l\u2019\u00e9volution de vos besoins, activer de nouveaux modules existants o\u00f9 de cr\u00e9er les modules manquants. ASTERISK Asterisk est un autocommutateur t\u00e9l\u00e9phonique priv\u00e9 (PABX) opensource. Il permet, entre autres, la messagerie vocale, les files d\u2019attente, les agents d\u2019appels, les musiques d\u2019attente et les mises en garde d\u2019appels, la distribution des appels. Il est possible \u00e9galement d\u2019ajouter l\u2019utilisation des conf\u00e9rences par le biais de l\u2019installation de modules suppl\u00e9mentaires et la recompilation des binaires. VTIGER vtiger CRM\u00a0est un logiciel CRM 100% open source disponible avec un module marketing, une gestion commerciale et service client. Vtiger CRM offre une large palette de fonctionnalit\u00e9s, faisant de ce CRM open source une des solutions les plus attractives du moment, il propose propose des modules complets couvrant les op\u00e9rations de marketing , l\u2019activit\u00e9 des forces de vente, la gestion commerciale, les compagnes marketing et le suivi client. SAP BUSINESS ONE SAP Business One est un logiciel de gestion destin\u00e9 aux petites et moyennes entreprises. En tant que solution ERP, il vise \u00e0 automatiser les principales fonctions de l\u2019entreprise dans les domaines des finances, des op\u00e9rations et des ressources humaines. MAARCH Maarch s\u2019est install\u00e9 en r\u00e9f\u00e9rence sur le march\u00e9 de l\u2019\u00e9dition de solutions libres et open source de gestion \u00e9lectronique de courriers, puis d\u2019archivage \u00e9lectronique \u00e0 valeur probante. Sp\u00e9cialiste reconnu de la gestion documentaire, Maarch a fait le choix de placer l\u2019exp\u00e9rience utilisateur au centre de ses processus de d\u00e9veloppement logiciel, au plus proche des M\u00e9tiers, tout en proposant un champ fonctionnel rare sur ces march\u00e9s.","protected":false},"author":1,"featured_media":0,"parent":0,"menu_order":0,"comment_status":"closed","ping_status":"closed","template":"","meta":{"footnotes":""},"_links":{"self":[{"href":"https:\/\/doosys.ma\/en\/wp-json\/wp\/v2\/pages\/796"}],"collection":[{"href":"https:\/\/doosys.ma\/en\/wp-json\/wp\/v2\/pages"}],"about":[{"href":"https:\/\/doosys.ma\/en\/wp-json\/wp\/v2\/types\/page"}],"author":[{"embeddable":true,"href":"https:\/\/doosys.ma\/en\/wp-json\/wp\/v2\/users\/1"}],"replies":[{"embeddable":true,"href":"https:\/\/doosys.ma\/en\/wp-json\/wp\/v2\/comments?post=796"}],"version-history":[{"count":64,"href":"https:\/\/doosys.ma\/en\/wp-json\/wp\/v2\/pages\/796\/revisions"}],"predecessor-version":[{"id":3468,"href":"https:\/\/doosys.ma\/en\/wp-json\/wp\/v2\/pages\/796\/revisions\/3468"}],"wp:attachment":[{"href":"https:\/\/doosys.ma\/en\/wp-json\/wp\/v2\/media?parent=796"}],"curies":[{"name":"wp","href":"https:\/\/api.w.org\/{rel}","templated":true}]}}