{"id":3759,"date":"2023-01-23T10:50:03","date_gmt":"2023-01-23T10:50:03","guid":{"rendered":"https:\/\/doosys.ma\/?page_id=3759"},"modified":"2023-01-23T10:51:59","modified_gmt":"2023-01-23T10:51:59","slug":"termes-de-references","status":"publish","type":"page","link":"https:\/\/doosys.ma\/en\/termes-de-references\/","title":{"rendered":"TERMES DE REFERENCES"},"content":{"rendered":"<div>\n<div>Licence propri\u00e9taire doosys v1.0<\/div>\n<div>Ce logiciel et les fichiers associ\u00e9s (le \u00ab Logiciel \u00bb) ne peuvent \u00eatre utilis\u00e9s (ex\u00e9cut\u00e9s, modifi\u00e9s, ex\u00e9cut\u00e9s apr\u00e8s modifications) que si vous avez achet\u00e9 une licence valide aupr\u00e8s des auteurs (doosys), en l\u2019occurrence via doosys SARLAU, ou si vous avez re\u00e7u une accord \u00e9crit de doosys.<\/div>\n<div><\/div>\n<div>Ce logiciel et les fichiers associ\u00e9s (le \u00ab Logiciel \u00bb) ne peuvent \u00eatre utilis\u00e9s qu\u2019avec une seule base de donn\u00e9es, si vous souhaitez l\u2019utiliser avec une autre base de donn\u00e9es (autre qu\u2019une base de donn\u00e9es de test), vous devez recevoir un accord \u00e9crit de doosys.<\/div>\n<div><\/div>\n<div>Vous pouvez d\u00e9velopper des modules qui utilisent le Logiciel comme une biblioth\u00e8que (g\u00e9n\u00e9ralement en d\u00e9pendant de celui-ci, en l\u2019important et en utilisant ses ressources), mais sans copier le code source ou les composants du Logiciel. Vous pouvez distribuer ces modules sous la licence de votre choix, uniquement si vous avez re\u00e7u un accord \u00e9crit de doosys (Par exemple : LGPL, MIT, ou des licences propri\u00e9taires similaires \u00e0 celle-ci).<\/div>\n<div><\/div>\n<div>Il est interdit de publier, de distribuer, de sous-licencier ou de vendre des copies du Logiciel ou des copies modifi\u00e9es du Logiciel.<\/div>\n<div><\/div>\n<div>L\u2019avis de droit d\u2019auteur ci-dessus et cet avis d\u2019autorisation doivent \u00eatre inclus dans toutes les copies ou parties substantielles du Logiciel.<\/div>\n<div><\/div>\n<div>LE LOGICIEL EST FOURNI \u00ab TEL QUEL \u00bb, SANS GARANTIE D\u2019AUCUNE SORTE, EXPLICITE OU IMPLICITE, Y COMPRIS, MAIS SANS S\u2019Y LIMITER, LES GARANTIES DE QUALIT\u00c9 MARCHANDE, D\u2019AD\u00c9QUATION \u00c0 UN USAGE PARTICULIER ET D\u2019ABSENCE DE CONTREFA\u00c7ON. EN AUCUN CAS, LES AUTEURS OU LES D\u00c9TENTEURS DU COPYRIGHT NE SERONT RESPONSABLES DE TOUTE R\u00c9CLAMATION, DOMMAGE OU AUTRE RESPONSABILIT\u00c9, QUE CE SOIT DANS UNE ACTION CONTRACTUELLE, D\u00c9LICTUELLE OU AUTRE, D\u00c9COULANT DE, DE OU EN RELATION AVEC LE LOGICIEL OU L\u2019UTILISATION OU D\u2019AUTRES TRANSACTIONS DANS LE LOGICIEL.<\/div>\n<div><\/div>\n<div>Vous reconnaissez que :<\/div>\n<div>(i) le Logiciel peut incorporer des composantes de Logiciels libres qui font l\u2019objet de Licences publiques ;<\/div>\n<div>(ii) chaque Logiciel libre est r\u00e9gi par les termes de sa Licence publique ;<\/div>\n<div>(iii) cette Convention ne restreint pas et ne vise pas \u00e0 restreindre les droits qui vous sont conf\u00e9r\u00e9s par les Licences publiques ;<\/div>\n<div>(iv) toutes les exclusions et limitations de garantie et de responsabilit\u00e9 pr\u00e9vues aux Licences publiques quant aux Logiciels libres s\u2019appliquent \u00e0 vous et \u00e0 vos Utilisateurs (le cas \u00e9ch\u00e9ant), et doosys n\u2019offre aucune (et n\u2019est r\u00e9put\u00e9e offrir aucune) garantie expresse ou implicite ou indemnit\u00e9 \u00e0 l\u2019\u00e9gard des Logiciels libres qui ne sont pas express\u00e9ment offertes dans les Licences publiques.<\/div>\n<\/div>\n<div>\n<div>\n<div>===================================<\/div>\n<div><\/div>\n<div>doosys Proprietary License v1.0<\/div>\n<div>This software and associated files (the \u00ab Software \u00bb) may only be used (executed, modified, executed after modifications) if you have purchased a valid license from the authors (doosys), typically via doosys SARLAU, or if you have received a written agreement from the doosys.<\/div>\n<div>This software and associated files (the \u00ab Software \u00bb) may only be used with only one data base , if you want use it with other database (other than a test data base)you have to receive a written agreement from the doosys<\/div>\n<div>You may develop modules that use the Software as a library (typically by depending on it, importing it and using its resources), but without copying any source code or material from the Software. You may distribute those modules under the license of your choice, only if you have received a written agreement from the doosys \u00a0(For example: LGPL, MIT, or proprietary licenses similar to this one).<\/div>\n<div>It is forbidden to publish, distribute, sublicense, or sell copies of the Software or modified copies of the Software.<\/div>\n<div>The above copyright notice and this permission notice must be included in all copies or substantial portions of the Software.<\/div>\n<div>THE SOFTWARE IS PROVIDED \u00ab AS IS \u00bb, WITHOUT WARRANTY OF ANY KIND, EXPRESS OR IMPLIED, INCLUDING BUT NOT LIMITED TO THE WARRANTIES OF MERCHANTABILITY, FITNESS FOR A PARTICULAR PURPOSE AND NONINFRINGEMENT. IN NO EVENT SHALL THE AUTHORS OR COPYRIGHT HOLDERS BE LIABLE FOR ANY CLAIM, DAMAGES OR OTHER LIABILITY, WHETHER IN AN ACTION OF CONTRACT, TORT OR OTHERWISE, ARISING FROM, OUT OF OR IN CONNECTION WITH THE SOFTWARE OR THE USE OR OTHER DEALINGS IN THE SOFTWARE.<\/div>\n<div>You acknowledge that:<\/div>\n<div>(i) the Software may incorporate components of open source Software which are subject to Public Licenses;<\/div>\n<div>(ii) each open source Software is governed by the terms of its Public License;<\/div>\n<div>(iii) this Agreement does not restrict and is not intended to restrict any rights granted to you under the Public Licenses;<\/div>\n<div>(iv) all disclaimers and limitations of warranties and liability under the Public Licenses of the open source Software are applied to you and your Users (if any), and doosys makes no warranty or indemnity with respect of the open source Software that is not crearly offered in the Public Licenses.<\/div>\n<\/div>\n<\/div>\n<div>\n<div><\/div>\n<\/div>","protected":false},"excerpt":{"rendered":"<p>Licence propri\u00e9taire doosys v1.0 Ce logiciel et les fichiers associ\u00e9s (le \u00ab Logiciel \u00bb) ne peuvent \u00eatre utilis\u00e9s (ex\u00e9cut\u00e9s, modifi\u00e9s, ex\u00e9cut\u00e9s apr\u00e8s modifications) que si vous avez achet\u00e9 une licence valide aupr\u00e8s des auteurs (doosys), en l\u2019occurrence via doosys SARLAU, ou si vous avez re\u00e7u une accord \u00e9crit de doosys. Ce logiciel et les fichiers associ\u00e9s (le \u00ab Logiciel \u00bb) ne peuvent \u00eatre utilis\u00e9s qu\u2019avec une seule base de donn\u00e9es, si vous souhaitez l\u2019utiliser avec une autre base de donn\u00e9es (autre qu\u2019une base de donn\u00e9es de test), vous devez recevoir un accord \u00e9crit de doosys. Vous pouvez d\u00e9velopper des modules qui utilisent le Logiciel comme une biblioth\u00e8que (g\u00e9n\u00e9ralement en d\u00e9pendant de celui-ci, en l\u2019important et en utilisant ses ressources), mais sans copier le code source ou les composants du Logiciel. Vous pouvez distribuer ces modules sous la licence de votre choix, uniquement si vous avez re\u00e7u un accord \u00e9crit de doosys (Par exemple : LGPL, MIT, ou des licences propri\u00e9taires similaires \u00e0 celle-ci). Il est interdit de publier, de distribuer, de sous-licencier ou de vendre des copies du Logiciel ou des copies modifi\u00e9es du Logiciel. L\u2019avis de droit d\u2019auteur ci-dessus et cet avis d\u2019autorisation doivent \u00eatre inclus dans toutes les copies ou parties substantielles du Logiciel. LE LOGICIEL EST FOURNI \u00ab TEL QUEL \u00bb, SANS GARANTIE D\u2019AUCUNE SORTE, EXPLICITE OU IMPLICITE, Y COMPRIS, MAIS SANS S\u2019Y LIMITER, LES GARANTIES DE QUALIT\u00c9 MARCHANDE, D\u2019AD\u00c9QUATION \u00c0 UN USAGE PARTICULIER ET D\u2019ABSENCE DE CONTREFA\u00c7ON. EN AUCUN CAS, LES AUTEURS OU LES D\u00c9TENTEURS DU COPYRIGHT NE SERONT RESPONSABLES DE TOUTE R\u00c9CLAMATION, DOMMAGE OU AUTRE RESPONSABILIT\u00c9, QUE CE SOIT DANS UNE ACTION CONTRACTUELLE, D\u00c9LICTUELLE OU AUTRE, D\u00c9COULANT DE, DE OU EN RELATION AVEC LE LOGICIEL OU L\u2019UTILISATION OU D\u2019AUTRES TRANSACTIONS DANS LE LOGICIEL. Vous reconnaissez que : (i) le Logiciel peut incorporer des composantes de Logiciels libres qui font l\u2019objet de Licences publiques ; (ii) chaque Logiciel libre est r\u00e9gi par les termes de sa Licence publique ; (iii) cette Convention ne restreint pas et ne vise pas \u00e0 restreindre les droits qui vous sont conf\u00e9r\u00e9s par les Licences publiques ; (iv) toutes les exclusions et limitations de garantie et de responsabilit\u00e9 pr\u00e9vues aux Licences publiques quant aux Logiciels libres s\u2019appliquent \u00e0 vous et \u00e0 vos Utilisateurs (le cas \u00e9ch\u00e9ant), et doosys n\u2019offre aucune (et n\u2019est r\u00e9put\u00e9e offrir aucune) garantie expresse ou implicite ou indemnit\u00e9 \u00e0 l\u2019\u00e9gard des Logiciels libres qui ne sont pas express\u00e9ment offertes dans les Licences publiques. =================================== doosys Proprietary License v1.0 This software and associated files (the \u00ab Software \u00bb) may only be used (executed, modified, executed after modifications) if you have purchased a valid license from the authors (doosys), typically via doosys SARLAU, or if you have received a written agreement from the doosys. This software and associated files (the \u00ab Software \u00bb) may only be used with only one data base , if you want use it with other database (other than a test data base)you have to receive a written agreement from the doosys You may develop modules that use the Software as a library (typically by depending on it, importing it and using its resources), but without copying any source code or material from the Software. You may distribute those modules under the license of your choice, only if you have received a written agreement from the doosys \u00a0(For example: LGPL, MIT, or proprietary licenses similar to this one). It is forbidden to publish, distribute, sublicense, or sell copies of the Software or modified copies of the Software. The above copyright notice and this permission notice must be included in all copies or substantial portions of the Software. THE SOFTWARE IS PROVIDED \u00ab AS IS \u00bb, WITHOUT WARRANTY OF ANY KIND, EXPRESS OR IMPLIED, INCLUDING BUT NOT LIMITED TO THE WARRANTIES OF MERCHANTABILITY, FITNESS FOR A PARTICULAR PURPOSE AND NONINFRINGEMENT. IN NO EVENT SHALL THE AUTHORS OR COPYRIGHT HOLDERS BE LIABLE FOR ANY CLAIM, DAMAGES OR OTHER LIABILITY, WHETHER IN AN ACTION OF CONTRACT, TORT OR OTHERWISE, ARISING FROM, OUT OF OR IN CONNECTION WITH THE SOFTWARE OR THE USE OR OTHER DEALINGS IN THE SOFTWARE. You acknowledge that: (i) the Software may incorporate components of open source Software which are subject to Public Licenses; (ii) each open source Software is governed by the terms of its Public License; (iii) this Agreement does not restrict and is not intended to restrict any rights granted to you under the Public Licenses; (iv) all disclaimers and limitations of warranties and liability under the Public Licenses of the open source Software are applied to you and your Users (if any), and doosys makes no warranty or indemnity with respect of the open source Software that is not crearly offered in the Public Licenses.<\/p>","protected":false},"author":1,"featured_media":0,"parent":0,"menu_order":0,"comment_status":"closed","ping_status":"closed","template":"","meta":{"footnotes":""},"_links":{"self":[{"href":"https:\/\/doosys.ma\/en\/wp-json\/wp\/v2\/pages\/3759"}],"collection":[{"href":"https:\/\/doosys.ma\/en\/wp-json\/wp\/v2\/pages"}],"about":[{"href":"https:\/\/doosys.ma\/en\/wp-json\/wp\/v2\/types\/page"}],"author":[{"embeddable":true,"href":"https:\/\/doosys.ma\/en\/wp-json\/wp\/v2\/users\/1"}],"replies":[{"embeddable":true,"href":"https:\/\/doosys.ma\/en\/wp-json\/wp\/v2\/comments?post=3759"}],"version-history":[{"count":2,"href":"https:\/\/doosys.ma\/en\/wp-json\/wp\/v2\/pages\/3759\/revisions"}],"predecessor-version":[{"id":3762,"href":"https:\/\/doosys.ma\/en\/wp-json\/wp\/v2\/pages\/3759\/revisions\/3762"}],"wp:attachment":[{"href":"https:\/\/doosys.ma\/en\/wp-json\/wp\/v2\/media?parent=3759"}],"curies":[{"name":"wp","href":"https:\/\/api.w.org\/{rel}","templated":true}]}}