{"id":3278,"date":"2021-06-28T13:05:17","date_gmt":"2021-06-28T13:05:17","guid":{"rendered":"https:\/\/doosys.ma\/?page_id=3278"},"modified":"2021-08-17T14:49:23","modified_gmt":"2021-08-17T14:49:23","slug":"packs","status":"publish","type":"page","link":"https:\/\/doosys.ma\/en\/packs\/","title":{"rendered":"Packs"},"content":{"rendered":"<div id=\"tm-row-69e8d66129eef\" data-vc-full-width=\"true\" data-vc-full-width-init=\"false\" class=\"vc_row vc_row-outer vc_row-fluid vc_container-has-overlay\"><div class=\"vc_container-overlay\"><\/div><div id=\"tm-column-69e8d6612a79d\" class=\"wpb_column vc_column_container vc_col-sm-12\"><div class=\"vc_column-inner\"><div class=\"wpb_wrapper\"><div class=\"tm-spacer\" id=\"tm-spacer-69e8d6612a996\"><\/div>\n\n<div class=\"tm-heading below-separator center tm-animation move-up\" id=\"tm-heading-69e8d6612ab53\">\n\t<h5 class=\"heading\" style=\"\">OUR REFERENCE TECHNOLOGIES<\/h5><div class=\"separator\"><\/div><\/div>\n\n<div class=\"tm-spacer\" id=\"tm-spacer-69e8d6612af29\"><\/div>\n<\/div><\/div><\/div><\/div><div class=\"vc_row-full-width vc_clearfix\"><\/div><div id=\"tm-row-69e8d6612b073\" data-vc-full-width=\"true\" data-vc-full-width-init=\"false\" class=\"vc_row vc_row-outer vc_row-fluid\"><div id=\"tm-column-69e8d6612b2fb\" class=\"wpb_column vc_column_container vc_col-sm-12\"><div class=\"vc_column-inner\"><div class=\"wpb_wrapper\"><div class=\"tm-spacer\" id=\"tm-spacer-69e8d6612b4e4\"><\/div>\n<div class=\"tm-grid-wrapper tm-grid-group\" id=\"tm-grid-69e8d6612b5c9\"\n     data-item-wrap=\"1\"\n     data-item-border=\"1\"\n>\n\n\t<div class=\"tm-grid modern-grid has-animation move-up\">\n\t\t<div class=\"tm-box-image style-01 tm-animation move-up\" id=\"tm-box-image-69e8d6612b88d\">\n\t\n\t\n\t<div class=\"content-wrap\">\n\t\t\n<div class=\"content\">\n\n\t<div class=\"image-wrap\">\n\t\t<div class=\"images\">\n\t\t\t\t\t\t\t<div class=\"image\">\n\t\t\t\t\t<img loading=\"lazy\" decoding=\"async\"  class=\"ll-image unload\" alt=\"dooshop\" width=\"200\" height=\"200\" src=\"https:\/\/doosys.ma\/wp-content\/uploads\/2021\/06\/dooshop-50x50.png\" data-src=\"https:\/\/doosys.ma\/wp-content\/uploads\/2021\/06\/dooshop-200x200.png\" \/>\t\t\t\t<\/div>\n\t\t\t\n\t\t\t\t\t<\/div>\n\n\t\t\t\t\t<h4 class=\"heading\">\n\t\t\t\tdooshop\t\t\t<\/h4>\n\t\t\t<\/div>\n\n\t\t\t<div class=\"text translation-block\">Catering \/ Snaking <br>\nShop <br>\nCashier + Kitchen + Customer display + Mobile Server + <br>\nAdmin Mobile<\/div>\t\n\t\n\t<\/div>\n\t<\/div>\n\n\t\n<\/div>\n<div class=\"tm-box-image style-01 tm-animation move-up\" id=\"tm-box-image-69e8d6612c348\">\n\t\n\t\n\t<div class=\"content-wrap\">\n\t\t\n<div class=\"content\">\n\n\t<div class=\"image-wrap\">\n\t\t<div class=\"images\">\n\t\t\t\t\t\t\t<div class=\"image\">\n\t\t\t\t\t<img loading=\"lazy\" decoding=\"async\"  class=\"ll-image unload\" alt=\"petrodoo\" width=\"200\" height=\"200\" src=\"https:\/\/doosys.ma\/wp-content\/uploads\/2021\/06\/petrodoo-50x50.png\" data-src=\"https:\/\/doosys.ma\/wp-content\/uploads\/2021\/06\/petrodoo-200x200.png\" \/>\t\t\t\t<\/div>\n\t\t\t\n\t\t\t\t\t<\/div>\n\n\t\t\t\t\t<h4 class=\"heading\">\n\t\t\t\tpetrodoo\t\t\t<\/h4>\n\t\t\t<\/div>\n\n\t\t\t<div class=\"text translation-block\">Petrol Station Recipe <br>\nFlow meter, tank connection. <br>\nHeadquarters synchronization, ERP (SAP) ...<\/div>\t\n\t\n\t<\/div>\n\t<\/div>\n\n\t\n<\/div>\n<div class=\"tm-box-image style-01 tm-animation move-up\" id=\"tm-box-image-69e8d6612ca1f\">\n\t\n\t\n\t<div class=\"content-wrap\">\n\t\t\n<div class=\"content\">\n\n\t<div class=\"image-wrap\">\n\t\t<div class=\"images\">\n\t\t\t\t\t\t\t<div class=\"image\">\n\t\t\t\t\t<img loading=\"lazy\" decoding=\"async\"  class=\"ll-image unload\" alt=\"immobidoo\" width=\"200\" height=\"200\" src=\"https:\/\/doosys.ma\/wp-content\/uploads\/2021\/06\/immobidoo-50x50.png\" data-src=\"https:\/\/doosys.ma\/wp-content\/uploads\/2021\/06\/immobidoo-200x200.png\" \/>\t\t\t\t<\/div>\n\t\t\t\n\t\t\t\t\t<\/div>\n\n\t\t\t\t\t<h4 class=\"heading\">\n\t\t\t\timmobidoo\t\t\t<\/h4>\n\t\t\t<\/div>\n\n\t\t\t<div class=\"text translation-block\">Rental management <br>\nProperty management <br>\nreservation <br>\nDeadlines. <br>\nStarting price.<\/div>\t\n\t\n\t<\/div>\n\t<\/div>\n\n\t\n<\/div>\n<div class=\"tm-box-image style-01 tm-animation move-up\" id=\"tm-box-image-69e8d6612d0e3\">\n\t\n\t\n\t<div class=\"content-wrap\">\n\t\t\n<div class=\"content\">\n\n\t<div class=\"image-wrap\">\n\t\t<div class=\"images\">\n\t\t\t\t\t\t\t<div class=\"image\">\n\t\t\t\t\t<img loading=\"lazy\" decoding=\"async\"  class=\"ll-image unload\" alt=\"doogc\" width=\"200\" height=\"200\" src=\"https:\/\/doosys.ma\/wp-content\/uploads\/2021\/06\/doogc-50x50.png\" data-src=\"https:\/\/doosys.ma\/wp-content\/uploads\/2021\/06\/doogc-200x200.png\" \/>\t\t\t\t<\/div>\n\t\t\t\n\t\t\t\t\t<\/div>\n\n\t\t\t\t\t<h4 class=\"heading\">\n\t\t\t\tdoogc\t\t\t<\/h4>\n\t\t\t<\/div>\n\n\t\t\t<div class=\"text translation-block\">Purchases <br>\nSales <br>\nBilling <br>\nStock <br>\nCrm<\/div>\t\n\t\n\t<\/div>\n\t<\/div>\n\n\t\n<\/div>\n<div class=\"tm-box-image style-01 tm-animation move-up\" id=\"tm-box-image-69e8d6612d7b9\">\n\t\n\t\n\t<div class=\"content-wrap\">\n\t\t\n<div class=\"content\">\n\n\t<div class=\"image-wrap\">\n\t\t<div class=\"images\">\n\t\t\t\t\t\t\t<div class=\"image\">\n\t\t\t\t\t<img loading=\"lazy\" decoding=\"async\"  class=\"ll-image unload\" alt=\"doorha\" width=\"200\" height=\"200\" src=\"https:\/\/doosys.ma\/wp-content\/uploads\/2021\/06\/doorha-50x50.png\" data-src=\"https:\/\/doosys.ma\/wp-content\/uploads\/2021\/06\/doorha-200x200.png\" \/>\t\t\t\t<\/div>\n\t\t\t\n\t\t\t\t\t<\/div>\n\n\t\t\t\t\t<h4 class=\"heading\">\n\t\t\t\tdoohra\t\t\t<\/h4>\n\t\t\t<\/div>\n\n\t\t\t<div class=\"text translation-block\">Employee file, documents and certificates <br>\nPresence, leave\u2026. <br>\nPayroll and evaluation <br>\nExpenses and travel<\/div>\t\n\t\n\t<\/div>\n\t<\/div>\n\n\t\n<\/div>\n<div class=\"tm-box-image style-01 tm-animation move-up\" id=\"tm-box-image-69e8d6612de48\">\n\t\n\t\n\t<div class=\"content-wrap\">\n\t\t\n<div class=\"content\">\n\n\t<div class=\"image-wrap\">\n\t\t<div class=\"images\">\n\t\t\t\t\t\t\t<div class=\"image\">\n\t\t\t\t\t<img loading=\"lazy\" decoding=\"async\"  class=\"ll-image unload\" alt=\"dofret-removebg-preview\" width=\"200\" height=\"200\" data-src-retina=\"https:\/\/doosys.ma\/wp-content\/uploads\/2021\/06\/dofret-removebg-preview-200x200@2x.png\" src=\"https:\/\/doosys.ma\/wp-content\/uploads\/2021\/06\/dofret-removebg-preview-50x50.png\" data-src=\"https:\/\/doosys.ma\/wp-content\/uploads\/2021\/06\/dofret-removebg-preview-200x200.png\" \/>\t\t\t\t<\/div>\n\t\t\t\n\t\t\t\t\t<\/div>\n\n\t\t\t\t\t<h4 class=\"heading\">\n\t\t\t\tdoofret\t\t\t<\/h4>\n\t\t\t<\/div>\n\n\t\t\t<div class=\"text translation-block\">Travel management <br>\nFleet management <br>\nBilling Management. <br>\nFuel Management <br>\nMaintenance Management <br>\nRoute calculation and optimization <br>\nDispatch management<\/div>\t\n\t\n\t<\/div>\n\t<\/div>\n\n\t\n<\/div>\n<div class=\"tm-box-image style-01 tm-animation move-up\" id=\"tm-box-image-69e8d6612e586\">\n\t\n\t\n\t<div class=\"content-wrap\">\n\t\t\n<div class=\"content\">\n\n\t<div class=\"image-wrap\">\n\t\t<div class=\"images\">\n\t\t\t\t\t\t\t<div class=\"image\">\n\t\t\t\t\t<img loading=\"lazy\" decoding=\"async\"  class=\"ll-image unload\" alt=\"Fidoo\" width=\"200\" height=\"200\" src=\"https:\/\/doosys.ma\/wp-content\/uploads\/2021\/06\/Fidoo-50x50.png\" data-src=\"https:\/\/doosys.ma\/wp-content\/uploads\/2021\/06\/Fidoo-200x200.png\" \/>\t\t\t\t<\/div>\n\t\t\t\n\t\t\t\t\t<\/div>\n\n\t\t\t\t\t<h4 class=\"heading\">\n\t\t\t\tfidoo\t\t\t<\/h4>\n\t\t\t<\/div>\n\n\t\t\t<div class=\"text translation-block\">Accounting and treasury <br>\nAccounting statements <br>\nIS \/ VAT electronic declaration, <br>\nFiscal calendar<\/div>\t\n\t\n\t<\/div>\n\t<\/div>\n\n\t\n<\/div>\n<div class=\"tm-box-image style-01 tm-animation move-up\" id=\"tm-box-image-69e8d661399c9\">\n\t\n\t\n\t<div class=\"content-wrap\">\n\t\t\n<div class=\"content\">\n\n\t<div class=\"image-wrap\">\n\t\t<div class=\"images\">\n\t\t\t\t\t\t\t<div class=\"image\">\n\t\t\t\t\t<img loading=\"lazy\" decoding=\"async\"  class=\"ll-image unload\" alt=\"batidoo\" width=\"200\" height=\"200\" src=\"https:\/\/doosys.ma\/wp-content\/uploads\/2021\/06\/batidoo-50x50.png\" data-src=\"https:\/\/doosys.ma\/wp-content\/uploads\/2021\/06\/batidoo-200x200.png\" \/>\t\t\t\t<\/div>\n\t\t\t\n\t\t\t\t\t<\/div>\n\n\t\t\t\t\t<h4 class=\"heading\">\n\t\t\t\tbatidoo\t\t\t<\/h4>\n\t\t\t<\/div>\n\n\t\t\t<div class=\"text translation-block\">Site monitoring <br>\nPlanning <br>\nInvoicing and settlements <br>\nPublic procurement monitoring<\/div>\t\n\t\n\t<\/div>\n\t<\/div>\n\n\t\n<\/div>\n<div class=\"tm-box-image style-01 tm-animation move-up\" id=\"tm-box-image-69e8d6613a04a\">\n\t\n\t\n\t<div class=\"content-wrap\">\n\t\t\n<div class=\"content\">\n\n\t<div class=\"image-wrap\">\n\t\t<div class=\"images\">\n\t\t\t\t\t\t\t<div class=\"image\">\n\t\t\t\t\t<img loading=\"lazy\" decoding=\"async\"  class=\"ll-image unload\" alt=\"doocar\" width=\"200\" height=\"200\" src=\"https:\/\/doosys.ma\/wp-content\/uploads\/2021\/07\/doocar-50x50.png\" data-src=\"https:\/\/doosys.ma\/wp-content\/uploads\/2021\/07\/doocar-200x200.png\" \/>\t\t\t\t<\/div>\n\t\t\t\n\t\t\t\t\t<\/div>\n\n\t\t\t\t\t<h4 class=\"heading\">\n\t\t\t\tdoocar\t\t\t<\/h4>\n\t\t\t<\/div>\n\n\t\n\t\n\t<\/div>\n\t<\/div>\n\n\t\n<\/div>\n<div class=\"tm-box-image style-01 tm-animation move-up\" id=\"tm-box-image-69e8d6613a5e1\">\n\t\n\t\n\t<div class=\"content-wrap\">\n\t\t\n<div class=\"content\">\n\n\t<div class=\"image-wrap\">\n\t\t<div class=\"images\">\n\t\t\t\t\t\t\t<div class=\"image\">\n\t\t\t\t\t<img loading=\"lazy\" decoding=\"async\"  class=\"ll-image unload\" alt=\"doolib\" width=\"200\" height=\"200\" src=\"https:\/\/doosys.ma\/wp-content\/uploads\/2021\/08\/doolib-50x50.png\" data-src=\"https:\/\/doosys.ma\/wp-content\/uploads\/2021\/08\/doolib-200x200.png\" \/>\t\t\t\t<\/div>\n\t\t\t\n\t\t\t\t\t<\/div>\n\n\t\t\t\t\t<h4 class=\"heading\">\n\t\t\t\tdoolib\t\t\t<\/h4>\n\t\t\t<\/div>\n\n\t\n\t\n\t<\/div>\n\t<\/div>\n\n\t\n<\/div>\n<div class=\"tm-box-image style-01 tm-animation move-up\" id=\"tm-box-image-69e8d6613abba\">\n\t\n\t\n\t<div class=\"content-wrap\">\n\t\t\n<div class=\"content\">\n\n\t<div class=\"image-wrap\">\n\t\t<div class=\"images\">\n\t\t\t\t\t\t\t<div class=\"image\">\n\t\t\t\t\t<img loading=\"lazy\" decoding=\"async\"  class=\"ll-image unload\" alt=\"eledoo\" width=\"200\" height=\"200\" src=\"https:\/\/doosys.ma\/wp-content\/uploads\/2021\/07\/eledoo-50x50.png\" data-src=\"https:\/\/doosys.ma\/wp-content\/uploads\/2021\/07\/eledoo-200x200.png\" \/>\t\t\t\t<\/div>\n\t\t\t\n\t\t\t\t\t<\/div>\n\n\t\t\t\t\t<h4 class=\"heading\">\n\t\t\t\teledoo\t\t\t<\/h4>\n\t\t\t<\/div>\n\n\t\n\t\n\t<\/div>\n\t<\/div>\n\n\t\n<\/div>\n<div class=\"tm-box-image style-01 tm-animation move-up\" id=\"tm-box-image-69e8d6613b1a6\">\n\t\n\t\n\t<div class=\"content-wrap\">\n\t\t\n<div class=\"content\">\n\n\t<div class=\"image-wrap\">\n\t\t<div class=\"images\">\n\t\t\t\t\t\t\t<div class=\"image\">\n\t\t\t\t\t<img loading=\"lazy\" decoding=\"async\"  class=\"ll-image unload\" alt=\"agridoo\" width=\"200\" height=\"200\" src=\"https:\/\/doosys.ma\/wp-content\/uploads\/2021\/07\/agridoo-50x50.png\" data-src=\"https:\/\/doosys.ma\/wp-content\/uploads\/2021\/07\/agridoo-200x200.png\" \/>\t\t\t\t<\/div>\n\t\t\t\n\t\t\t\t\t<\/div>\n\n\t\t\t\t\t<h4 class=\"heading\">\n\t\t\t\tagridoo\t\t\t<\/h4>\n\t\t\t<\/div>\n\n\t\n\t\n\t<\/div>\n\t<\/div>\n\n\t\n<\/div>\n<div class=\"tm-box-image style-01 tm-animation move-up\" id=\"tm-box-image-69e8d6613b758\">\n\t\n\t\n\t<div class=\"content-wrap\">\n\t\t\n<div class=\"content\">\n\n\t<div class=\"image-wrap\">\n\t\t<div class=\"images\">\n\t\t\t\t\t\t\t<div class=\"image\">\n\t\t\t\t\t<img loading=\"lazy\" decoding=\"async\"  class=\"ll-image unload\" alt=\"21\" width=\"200\" height=\"200\" src=\"https:\/\/doosys.ma\/wp-content\/uploads\/2021\/07\/21-50x50.png\" data-src=\"https:\/\/doosys.ma\/wp-content\/uploads\/2021\/07\/21-200x200.png\" \/>\t\t\t\t<\/div>\n\t\t\t\n\t\t\t\t\t<\/div>\n\n\t\t\t\t\t<h4 class=\"heading\">\n\t\t\t\tdoMember\t\t\t<\/h4>\n\t\t\t<\/div>\n\n\t\t\t<div class=\"text translation-block\">Members of associations <br>\nSports hall members <br>\nMembers Services<\/div>\t\n\t\n\t<\/div>\n\t<\/div>\n\n\t\n<\/div>\n<div class=\"tm-box-image style-01 tm-animation move-up\" id=\"tm-box-image-69e8d6613bd06\">\n\t\n\t\n\t<div class=\"content-wrap\">\n\t\t\n<div class=\"content\">\n\n\t<div class=\"image-wrap\">\n\t\t<div class=\"images\">\n\t\t\t\t\t\t\t<div class=\"image\">\n\t\t\t\t\t<img loading=\"lazy\" decoding=\"async\"  class=\"ll-image unload\" alt=\"education\" width=\"200\" height=\"200\" src=\"https:\/\/doosys.ma\/wp-content\/uploads\/2021\/07\/education-50x50.png\" data-src=\"https:\/\/doosys.ma\/wp-content\/uploads\/2021\/07\/education-200x200.png\" \/>\t\t\t\t<\/div>\n\t\t\t\n\t\t\t\t\t<\/div>\n\n\t\t\t\t\t<h4 class=\"heading\">\n\t\t\t\tEducadoo\t\t\t<\/h4>\n\t\t\t<\/div>\n\n\t\t\t<div class=\"text translation-block\">Education (Registration, attendance, exams\u2026) <br>\nSchool Life (canteen, activities\u2026) <br>\nEstablishment (Employees, Equipment\u2026) <br>\nWeb, mobile, SMS consultation ...<\/div>\t\n\t\n\t<\/div>\n\t<\/div>\n\n\t\n<\/div>\n<div class=\"tm-box-image style-01 tm-animation move-up\" id=\"tm-box-image-69e8d6613c2c4\">\n\t\n\t\n\t<div class=\"content-wrap\">\n\t\t\n<div class=\"content\">\n\n\t<div class=\"image-wrap\">\n\t\t<div class=\"images\">\n\t\t\t\t\t\t\t<div class=\"image\">\n\t\t\t\t\t<img loading=\"lazy\" decoding=\"async\"  class=\"ll-image unload\" alt=\"57-removebg-preview\" width=\"200\" height=\"200\" src=\"https:\/\/doosys.ma\/wp-content\/uploads\/2021\/07\/57-removebg-preview-50x50.png\" data-src=\"https:\/\/doosys.ma\/wp-content\/uploads\/2021\/07\/57-removebg-preview-200x200.png\" \/>\t\t\t\t<\/div>\n\t\t\t\n\t\t\t\t\t<\/div>\n\n\t\t\t\t\t<h4 class=\"heading\">\n\t\t\t\tH\u00f4tellerie\t\t\t<\/h4>\n\t\t\t<\/div>\n\n\t\t\t<div class=\"text translation-block\">Employee file, documents and certificates <br>\nPresence, leave\u2026. <br>\nPayroll and evaluation <br>\nExpenses and travel<\/div>\t\n\t\n\t<\/div>\n\t<\/div>\n\n\t\n<\/div>\n<div class=\"tm-box-image style-01 tm-animation move-up\" id=\"tm-box-image-69e8d6613c8a7\">\n\t\n\t\n\t<div class=\"content-wrap\">\n\t\t\n<div class=\"content\">\n\n\t<div class=\"image-wrap\">\n\t\t<div class=\"images\">\n\t\t\t\t\t\t\t<div class=\"image\">\n\t\t\t\t\t<img loading=\"lazy\" decoding=\"async\"  class=\"ll-image unload\" alt=\"40-removebg-preview\" width=\"200\" height=\"200\" src=\"https:\/\/doosys.ma\/wp-content\/uploads\/2021\/07\/40-removebg-preview-50x50.png\" data-src=\"https:\/\/doosys.ma\/wp-content\/uploads\/2021\/07\/40-removebg-preview-200x200.png\" \/>\t\t\t\t<\/div>\n\t\t\t\n\t\t\t\t\t<\/div>\n\n\t\t\t\t\t<h4 class=\"heading\">\n\t\t\t\tM\u00e9decins\/cliniques\t\t\t<\/h4>\n\t\t\t<\/div>\n\n\t\t\t<div class=\"text translation-block\">Medication List. <br>\nMedical Record. <br>\nCare sheet \/ Prescription.<\/div>\t\n\t\n\t<\/div>\n\t<\/div>\n\n\t\n<\/div>\n\t<\/div>\n\n<\/div>\n\n\n<\/div><\/div><\/div><\/div><div class=\"vc_row-full-width vc_clearfix\"><\/div>","protected":false},"excerpt":{"rendered":"NOS TECHNOLOGIES DE R\u00c9F\u00c9RENCE dooshop Restauration\/Snaking Shop Caisse + Cuisine + affichage Client + Serveur Mobile + Admin Mobile petrodoo Recette Petrol Station Connexion volucompteur, cuve.. Synchronisation si\u00e8ge, ERP (SAP)\u2026 immobidoo Gestion locative Gestion immobili\u00e8re r\u00e9servation Ech\u00e9ances. Mise \u00e0 prix. doogc Achats Ventes Facturation Stock Crm doohra Fiche employ\u00e9e, documents et attestations Pr\u00e9sence, cong\u00e9\u2026. Paie et \u00e9valuation D\u00e9penses et d\u00e9placement doofret Gestion de voyage Gestion de parc Gestion de Facturation. Gestion de Carburant Gestion de Maintenance Calcul et optimisation de trajet Gestion de la dispatch fidoo Comptabilit\u00e9 et tr\u00e9sorerie Etats comptables T\u00e9l\u00e9d\u00e9claration IS\/TVA, Calendrier fiscal batidoo Suivi de chantier Planning Facturation et d\u00e9comptes Suivi des march\u00e9s publiques doocar doolib eledoo agridoo doMember Adh\u00e9rents associations Adh\u00e9rents salle de sports Adh\u00e9rents Services Educadoo Scolarit\u00e9 (Inscription, assiduit\u00e9, examens\u2026) Vie Scolaire (cantine, activit\u00e9s\u2026) Etablissement (Employ\u00e9es, Mat\u00e9riel\u2026) Consultation Web, Mobile, SMS\u2026 H\u00f4tellerie Fiche employ\u00e9e, documents et attestations Pr\u00e9sence, cong\u00e9\u2026. Paie et \u00e9valuation D\u00e9penses et d\u00e9placement M\u00e9decins\/cliniques Liste M\u00e9dicaments. Dossier M\u00e9dical. Fiche de soins\/ Ordonnance.","protected":false},"author":1,"featured_media":0,"parent":0,"menu_order":0,"comment_status":"closed","ping_status":"closed","template":"","meta":{"footnotes":""},"_links":{"self":[{"href":"https:\/\/doosys.ma\/en\/wp-json\/wp\/v2\/pages\/3278"}],"collection":[{"href":"https:\/\/doosys.ma\/en\/wp-json\/wp\/v2\/pages"}],"about":[{"href":"https:\/\/doosys.ma\/en\/wp-json\/wp\/v2\/types\/page"}],"author":[{"embeddable":true,"href":"https:\/\/doosys.ma\/en\/wp-json\/wp\/v2\/users\/1"}],"replies":[{"embeddable":true,"href":"https:\/\/doosys.ma\/en\/wp-json\/wp\/v2\/comments?post=3278"}],"version-history":[{"count":17,"href":"https:\/\/doosys.ma\/en\/wp-json\/wp\/v2\/pages\/3278\/revisions"}],"predecessor-version":[{"id":3673,"href":"https:\/\/doosys.ma\/en\/wp-json\/wp\/v2\/pages\/3278\/revisions\/3673"}],"wp:attachment":[{"href":"https:\/\/doosys.ma\/en\/wp-json\/wp\/v2\/media?parent=3278"}],"curies":[{"name":"wp","href":"https:\/\/api.w.org\/{rel}","templated":true}]}}