{"id":324,"date":"2019-02-28T07:45:46","date_gmt":"2019-02-28T07:45:46","guid":{"rendered":"https:\/\/doosys.ma\/blogs\/grid-classic\/"},"modified":"2019-02-28T07:45:46","modified_gmt":"2019-02-28T07:45:46","slug":"grid-classic","status":"publish","type":"page","link":"https:\/\/doosys.ma\/en\/blogs\/grid-classic\/","title":{"rendered":"Grid Classic"},"content":{"rendered":"<div id=\"tm-row-69f2e0bf18653\" class=\"vc_row vc_row-outer vc_row-fluid\"><div id=\"tm-column-69f2e0bf18c91\" class=\"wpb_column vc_column_container vc_col-sm-12\"><div class=\"vc_column-inner\"><div class=\"wpb_wrapper\">\n\t<div class=\"tm-grid-wrapper tm-blog style-grid-classic filter-style-01\" id=\"tm-blog-69f2e0bf18f46\"\n\t\t\t\t\tdata-pagination=\"pagination\"\n\t\t\n\t\t\n\t\t data-filter-type=\"static\"\n\n\t\t\n\t\t\t>\n\t\t\n\t\t\n\t\t<input type=\"hidden\" class=\"tm-grid-query\" value=\"{&quot;post_type&quot;:&quot;post&quot;,&quot;posts_per_page&quot;:&quot;6&quot;,&quot;orderby&quot;:&quot;date&quot;,&quot;order&quot;:&quot;DESC&quot;,&quot;paged&quot;:1,&quot;post_status&quot;:&quot;publish&quot;,&quot;post__not_in&quot;:[],&quot;action&quot;:&quot;post_infinite_load&quot;,&quot;max_num_pages&quot;:2,&quot;found_posts&quot;:10,&quot;taxonomies&quot;:&quot;&quot;,&quot;style&quot;:&quot;grid-classic&quot;,&quot;pagination&quot;:&quot;pagination&quot;,&quot;count&quot;:6,&quot;metro_layout&quot;:&quot;%5B%7B%22size%22%3A%222%3A2%22%7D%2C%7B%22size%22%3A%221%3A1%22%7D%2C%7B%22size%22%3A%221%3A1%22%7D%2C%7B%22size%22%3A%222%3A2%22%7D%2C%7B%22size%22%3A%221%3A1%22%7D%2C%7B%22size%22%3A%221%3A1%22%7D%5D&quot;}\"\/>\n\n\t\t<div class=\"tm-grid modern-grid has-animation move-up\"\n\t\t\t\t\t>\n\t\t\t\t<div class=\"grid-item post-item post-3520 post type-post status-publish format-standard has-post-thumbnail hentry category-digitale\">\n\t\t<div class=\"post-wrapper\">\n\n\t\t\t\t\t\t\t<div class=\"post-feature post-thumbnail\">\n\t\t\t\t\t<a href=\"https:\/\/doosys.ma\/en\/mithra-desobry-easyfairs-gobert-et-odoo-nomines-pour-l-entreprise-de-lannee\/\">\n\t\t\t\t\t\t<img loading=\"lazy\" decoding=\"async\"  class=\"ll-image unload\" alt=\"29-1030x579\" width=\"370\" height=\"230\" data-src-retina=\"https:\/\/doosys.ma\/wp-content\/uploads\/2021\/07\/29-1030x579-1-370x230@2x.jpg\" src=\"https:\/\/doosys.ma\/wp-content\/uploads\/2021\/07\/29-1030x579-1-50x31.jpg\" data-src=\"https:\/\/doosys.ma\/wp-content\/uploads\/2021\/07\/29-1030x579-1-370x230.jpg\" \/>\t\t\t\t\t<\/a>\n\t\t\t\t<\/div>\n\t\t\t\n\t\t\t<div class=\"post-info\">\n\t\t\t\t<div class=\"post-meta\">\n\t\t\t\t\t\n<div class=\"post-date\">\n\n\t\n\t\t<span class=\"far fa-calendar meta-icon\"><\/span>\n\n\t\tJuly 12, 2021\n\t\t\n<\/div>\n\n\t\t\t\t\t\t\t\t\t<\/div>\n\n\t\t\t\t<h3 class=\"post-title\">\n\t<a href=\"https:\/\/doosys.ma\/en\/mithra-desobry-easyfairs-gobert-et-odoo-nomines-pour-l-entreprise-de-lannee\/\">Mithra, Desobry, Easyfairs, Gobert and Odoo nominated for \"Company of the Year\"<\/a>\n<\/h3>\n\n\t\t\t\t<div class=\"post-excerpt\">\n\t\t\t\t\t<p>Desobry (Tournai), Easyfairs (Brussels), Gobert (Ghlin), Mithra Pharmaceuticals (Li\u00e8ge) and Odoo (Grand-Rosi\u00e8re) are in the running for the 23rd company prize of ...<\/p>\t\t\t\t<\/div>\n\n\t\t\t\t<div class=\"post-read-more style-link\">\n\t<a href=\"https:\/\/doosys.ma\/en\/mithra-desobry-easyfairs-gobert-et-odoo-nomines-pour-l-entreprise-de-lannee\/\" class=\"btn-read-more\">\n\t\t<span class=\"btn-text\">\n\t\t\tRead more\t\t<\/span>\n\t<\/a>\n<\/div>\n\n\t\t\t<\/div>\n\n\t\t<\/div>\n\t<\/div>\n\t<div class=\"grid-item post-item post-3517 post type-post status-publish format-standard has-post-thumbnail hentry category-news\">\n\t\t<div class=\"post-wrapper\">\n\n\t\t\t\t\t\t\t<div class=\"post-feature post-thumbnail\">\n\t\t\t\t\t<a href=\"https:\/\/doosys.ma\/en\/philippe-et-mathilde-a-la-decouverte-de-lest-du-brabant-wallon\/\">\n\t\t\t\t\t\t<img loading=\"lazy\" decoding=\"async\"  class=\"ll-image unload\" alt=\"27\" width=\"370\" height=\"230\" data-src-retina=\"https:\/\/doosys.ma\/wp-content\/uploads\/2021\/07\/27-370x230@2x.jpg\" src=\"https:\/\/doosys.ma\/wp-content\/uploads\/2021\/07\/27-50x31.jpg\" data-src=\"https:\/\/doosys.ma\/wp-content\/uploads\/2021\/07\/27-370x230.jpg\" \/>\t\t\t\t\t<\/a>\n\t\t\t\t<\/div>\n\t\t\t\n\t\t\t<div class=\"post-info\">\n\t\t\t\t<div class=\"post-meta\">\n\t\t\t\t\t\n<div class=\"post-date\">\n\n\t\n\t\t<span class=\"far fa-calendar meta-icon\"><\/span>\n\n\t\tJuly 12, 2021\n\t\t\n<\/div>\n\n\t\t\t\t\t\t\t\t\t<\/div>\n\n\t\t\t\t<h3 class=\"post-title\">\n\t<a href=\"https:\/\/doosys.ma\/en\/philippe-et-mathilde-a-la-decouverte-de-lest-du-brabant-wallon\/\">Philippe and Mathilde discovering the east of Walloon Brabant<\/a>\n<\/h3>\n\n\t\t\t\t<div class=\"post-excerpt\">\n\t\t\t\t\t<p>The east of Walloon Brabant was in the spotlight on Tuesday. As part of a provincial visit, Philippe and Mathilde went to ...<\/p>\t\t\t\t<\/div>\n\n\t\t\t\t<div class=\"post-read-more style-link\">\n\t<a href=\"https:\/\/doosys.ma\/en\/philippe-et-mathilde-a-la-decouverte-de-lest-du-brabant-wallon\/\" class=\"btn-read-more\">\n\t\t<span class=\"btn-text\">\n\t\t\tRead more\t\t<\/span>\n\t<\/a>\n<\/div>\n\n\t\t\t<\/div>\n\n\t\t<\/div>\n\t<\/div>\n\t<div class=\"grid-item post-item post-3514 post type-post status-publish format-standard has-post-thumbnail hentry category-personal\">\n\t\t<div class=\"post-wrapper\">\n\n\t\t\t\t\t\t\t<div class=\"post-feature post-thumbnail\">\n\t\t\t\t\t<a href=\"https:\/\/doosys.ma\/en\/la-societe-odoo-sagrandit\/\">\n\t\t\t\t\t\t<img loading=\"lazy\" decoding=\"async\"  class=\"ll-image unload\" alt=\"31\" width=\"370\" height=\"230\" data-src-retina=\"https:\/\/doosys.ma\/wp-content\/uploads\/2021\/07\/31-370x230@2x.jpg\" src=\"https:\/\/doosys.ma\/wp-content\/uploads\/2021\/07\/31-50x31.jpg\" data-src=\"https:\/\/doosys.ma\/wp-content\/uploads\/2021\/07\/31-370x230.jpg\" \/>\t\t\t\t\t<\/a>\n\t\t\t\t<\/div>\n\t\t\t\n\t\t\t<div class=\"post-info\">\n\t\t\t\t<div class=\"post-meta\">\n\t\t\t\t\t\n<div class=\"post-date\">\n\n\t\n\t\t<span class=\"far fa-calendar meta-icon\"><\/span>\n\n\t\tJuly 12, 2021\n\t\t\n<\/div>\n\n\t\t\t\t\t\t\t\t\t<\/div>\n\n\t\t\t\t<h3 class=\"post-title\">\n\t<a href=\"https:\/\/doosys.ma\/en\/la-societe-odoo-sagrandit\/\">The Odoo company is growing<\/a>\n<\/h3>\n\n\t\t\t\t<div class=\"post-excerpt\">\n\t\t\t\t\t<p>The Odoo company, specializing in software creation, has inaugurated its new offices located in a former farm in Grand-Rosi\u00e8re. ...<\/p>\t\t\t\t<\/div>\n\n\t\t\t\t<div class=\"post-read-more style-link\">\n\t<a href=\"https:\/\/doosys.ma\/en\/la-societe-odoo-sagrandit\/\" class=\"btn-read-more\">\n\t\t<span class=\"btn-text\">\n\t\t\tRead more\t\t<\/span>\n\t<\/a>\n<\/div>\n\n\t\t\t<\/div>\n\n\t\t<\/div>\n\t<\/div>\n\t<div class=\"grid-item post-item post-3511 post type-post status-publish format-standard has-post-thumbnail hentry category-news\">\n\t\t<div class=\"post-wrapper\">\n\n\t\t\t\t\t\t\t<div class=\"post-feature post-thumbnail\">\n\t\t\t\t\t<a href=\"https:\/\/doosys.ma\/en\/le-roi-a-ete-invite-a-realiser-un-site-web-lors-de-sa-visite-chez-odoo-ce-mardi\/\">\n\t\t\t\t\t\t<img loading=\"lazy\" decoding=\"async\"  class=\"ll-image unload\" alt=\"28\" width=\"370\" height=\"230\" data-src-retina=\"https:\/\/doosys.ma\/wp-content\/uploads\/2021\/07\/28-370x230@2x.jpg\" src=\"https:\/\/doosys.ma\/wp-content\/uploads\/2021\/07\/28-50x31.jpg\" data-src=\"https:\/\/doosys.ma\/wp-content\/uploads\/2021\/07\/28-370x230.jpg\" \/>\t\t\t\t\t<\/a>\n\t\t\t\t<\/div>\n\t\t\t\n\t\t\t<div class=\"post-info\">\n\t\t\t\t<div class=\"post-meta\">\n\t\t\t\t\t\n<div class=\"post-date\">\n\n\t\n\t\t<span class=\"far fa-calendar meta-icon\"><\/span>\n\n\t\tJuly 12, 2021\n\t\t\n<\/div>\n\n\t\t\t\t\t\t\t\t\t<\/div>\n\n\t\t\t\t<h3 class=\"post-title\">\n\t<a href=\"https:\/\/doosys.ma\/en\/le-roi-a-ete-invite-a-realiser-un-site-web-lors-de-sa-visite-chez-odoo-ce-mardi\/\">The king was invited to create a website during his visit to Odoo on Tuesday<\/a>\n<\/h3>\n\n\t\t\t\t<div class=\"post-excerpt\">\n\t\t\t\t\t<p>The king and queen visited the premises of the computer company Odoo in Ramillies yesterday. They also went ...<\/p>\t\t\t\t<\/div>\n\n\t\t\t\t<div class=\"post-read-more style-link\">\n\t<a href=\"https:\/\/doosys.ma\/en\/le-roi-a-ete-invite-a-realiser-un-site-web-lors-de-sa-visite-chez-odoo-ce-mardi\/\" class=\"btn-read-more\">\n\t\t<span class=\"btn-text\">\n\t\t\tRead more\t\t<\/span>\n\t<\/a>\n<\/div>\n\n\t\t\t<\/div>\n\n\t\t<\/div>\n\t<\/div>\n\t<div class=\"grid-item post-item post-3486 post type-post status-publish format-standard has-post-thumbnail hentry category-uncategorized\">\n\t\t<div class=\"post-wrapper\">\n\n\t\t\t\t\t\t\t<div class=\"post-feature post-thumbnail\">\n\t\t\t\t\t<a href=\"https:\/\/doosys.ma\/en\/references-odoo-maroc\/\">\n\t\t\t\t\t\t<img loading=\"lazy\" decoding=\"async\"  class=\"ll-image unload\" alt=\"14\" width=\"128\" height=\"128\" src=\"https:\/\/doosys.ma\/wp-content\/uploads\/2021\/07\/14-50x50.png\" data-src=\"https:\/\/doosys.ma\/wp-content\/uploads\/2021\/07\/14.png\" \/>\t\t\t\t\t<\/a>\n\t\t\t\t<\/div>\n\t\t\t\n\t\t\t<div class=\"post-info\">\n\t\t\t\t<div class=\"post-meta\">\n\t\t\t\t\t\n<div class=\"post-date\">\n\n\t\n\t\t<span class=\"far fa-calendar meta-icon\"><\/span>\n\n\t\tJuly 12, 2021\n\t\t\n<\/div>\n\n\t\t\t\t\t\t\t\t\t<\/div>\n\n\t\t\t\t<h3 class=\"post-title\">\n\t<a href=\"https:\/\/doosys.ma\/en\/references-odoo-maroc\/\">Odoo Morocco references:<\/a>\n<\/h3>\n\n\t\t\t\t<div class=\"post-excerpt\">\n\t\t\t\t\t<p>Recommended by millions of users worldwide DB Nord SARL Social name: DB Nord Sector Activity: Agriculture DB Nord is a company ...<\/p>\t\t\t\t<\/div>\n\n\t\t\t\t<div class=\"post-read-more style-link\">\n\t<a href=\"https:\/\/doosys.ma\/en\/references-odoo-maroc\/\" class=\"btn-read-more\">\n\t\t<span class=\"btn-text\">\n\t\t\tRead more\t\t<\/span>\n\t<\/a>\n<\/div>\n\n\t\t\t<\/div>\n\n\t\t<\/div>\n\t<\/div>\n\t<div class=\"grid-item post-item post-3482 post type-post status-publish format-standard has-post-thumbnail hentry category-personal\">\n\t\t<div class=\"post-wrapper\">\n\n\t\t\t\t\t\t\t<div class=\"post-feature post-thumbnail\">\n\t\t\t\t\t<a href=\"https:\/\/doosys.ma\/en\/odoo-le-petit-poucet-wallon-aux-ambitions-de-geant-recrute-sans-cesse-ses-concurrents-sappellent-microsoft-sap-ou-oracle\/\">\n\t\t\t\t\t\t<img loading=\"lazy\" decoding=\"async\"  class=\"ll-image unload\" alt=\"25\" width=\"370\" height=\"230\" src=\"https:\/\/doosys.ma\/wp-content\/uploads\/2021\/07\/25-50x31.jpg\" data-src=\"https:\/\/doosys.ma\/wp-content\/uploads\/2021\/07\/25-370x230.jpg\" \/>\t\t\t\t\t<\/a>\n\t\t\t\t<\/div>\n\t\t\t\n\t\t\t<div class=\"post-info\">\n\t\t\t\t<div class=\"post-meta\">\n\t\t\t\t\t\n<div class=\"post-date\">\n\n\t\n\t\t<span class=\"far fa-calendar meta-icon\"><\/span>\n\n\t\tJuly 12, 2021\n\t\t\n<\/div>\n\n\t\t\t\t\t\t\t\t\t<\/div>\n\n\t\t\t\t<h3 class=\"post-title\">\n\t<a href=\"https:\/\/doosys.ma\/en\/odoo-le-petit-poucet-wallon-aux-ambitions-de-geant-recrute-sans-cesse-ses-concurrents-sappellent-microsoft-sap-ou-oracle\/\">Odoo, the Walloon little thumb with giant ambitions, is constantly recruiting: its competitors are Microsoft, SAP or Oracle<\/a>\n<\/h3>\n\n\t\t\t\t<div class=\"post-excerpt\">\n\t\t\t\t\t<p>Close-up on the Odoo company in Walloon Brabant. It sells business management software and has 580 workers and ...<\/p>\t\t\t\t<\/div>\n\n\t\t\t\t<div class=\"post-read-more style-link\">\n\t<a href=\"https:\/\/doosys.ma\/en\/odoo-le-petit-poucet-wallon-aux-ambitions-de-geant-recrute-sans-cesse-ses-concurrents-sappellent-microsoft-sap-ou-oracle\/\" class=\"btn-read-more\">\n\t\t<span class=\"btn-text\">\n\t\t\tRead more\t\t<\/span>\n\t<\/a>\n<\/div>\n\n\t\t\t<\/div>\n\n\t\t<\/div>\n\t<\/div>\n\t\t<\/div>\n\n\t\t\t\t\t<div class=\"tm-grid-pagination pagination\">\n\t\t\t\t<div class=\"pagination-wrapper\" style=\"text-align:left\">\n\n\t\t\t\t\t\t\t\t\t\t\t<ul class=\"page-pagination\"><li><span aria-current=\"page\" class=\"page-numbers current\">1<\/span><\/li><li><a class=\"page-numbers\" href=\"https:\/\/doosys.ma\/en\/wp-json\/wp\/v2\/pages\/324\/page\/2\/\">2<\/a><\/li><li><a class=\"next page-numbers\" href=\"https:\/\/doosys.ma\/en\/wp-json\/wp\/v2\/pages\/324\/page\/2\/\">Next<\/a><\/li><\/ul>\t\t\t\t\t\n\t\t\t\t<\/div>\n\t\t\t<\/div>\n\t\t\t<div class=\"tm-grid-messages\" style=\"display: none;\">\n\t\t\t\tAll items displayed.\t\t\t<\/div>\n\t\t\t\n\t<\/div>\n<\/div><\/div><\/div><\/div>","protected":false},"excerpt":{"rendered":"Gros plan sur la soci\u00e9t\u00e9 Odoo dans le Brabant wallon. Elle vend un logiciel de gestion d\u2019entreprises et compte 580 travailleurs et souhaite en engager 200 de plus l\u2019an prochain. La soci\u00e9t\u00e9 implant\u00e9e \u00e0 Ramilies ambitionne de devenir l\u2019un des leaders du march\u00e9. S\u00e9bastien Proph\u00e8te et Aline Lejeune ont visit\u00e9 ses locaux. L\u2019entreprise en pleine expansion se situe dans une ancienne ferm\u00e9e r\u00e9nov\u00e9e \u00e0 Grand-Rosi\u00e8re-Hottomont. A sa t\u00eate, on retrouve son fondateur, Fabien Pinckaers. Il \u00e9tait encore aux \u00e9tudes, quand il a commenc\u00e9 \u00e0 d\u00e9velopper le produit qui fait aujourd\u2019hui le succ\u00e8s de sa soci\u00e9t\u00e9 : un logiciel informatique de gestion d\u2019entreprises. En 13 ans d\u2019existence, le chiffre d\u2019affaires d\u2019Odoo est pass\u00e9 de 74 000 euros\u2026 \u00e0 38 millions d\u2019euros. \u00ab&nbsp;Odoo, c\u2019est un petit poucet contre les g\u00e9ants. C\u2019est-\u00e0-dire que nos concurrents, c\u2019est Microsoft, SAP, Oracle\u2026 Quand on regarde notre parcours, on est content parce qu\u2019on a d\u00e9j\u00e0 fait quelque chose mais il ne faut pas oublier qu\u2019on a aujourd\u2019hui moins de 0,1 % de part de march\u00e9. Ce qui est tr\u00e8s important ce n\u2019est pas ce qu\u2019on a fait mais ce qu\u2019on va faire demain\u00ab&nbsp;, souligne Fabien Pinckaers, le fondateur et administrateur d\u00e9l\u00e9gu\u00e9 d\u2019Odoo. 38 millions d\u2019euros de chiffre d\u2019affaires Pas question pour celui-ci de se contenter des 4 millions d\u2019utilisateurs que compte d\u00e9sormais son logiciel. Sa recette pour cro\u00eetre : miser sur des d\u00e9veloppeurs performants et sur un produit facile \u00e0 manipuler. \u00ab&nbsp;Le march\u00e9 de la gestion d\u2019entreprise va commencer \u00e0 se consolider. Tous les diff\u00e9rents acteurs vont se racheter l\u2019un l\u2019autre et \u00e0 la fin il ne va en rester que deux ou trois. L\u2019avenir, c\u2019est qu\u2019on soit parmi ses deux ou trois et on est tr\u00e8s bien positionn\u00e9 pour l\u2019\u00eatre\u00ab&nbsp;, estime Fabien Pinckaers. Les travailleurs ont \u00e0 leur disposition une trottinette pour rejoindre un deuxi\u00e8me site\u2026 install\u00e9 800 m plus loin. L\u2019entreprise braban\u00e7onne emploie en ce moment 580 personnes \u00e0 travers le monde, dont 270 en Belgique. Elle recrute sans cesse. Et c\u2019est un d\u00e9fi quotidien pour sa responsable des ressources humaines. 200 travailleurs suppl\u00e9mentaires \u00ab&nbsp;On a un objectif de recruter 200 personnes suppl\u00e9mentaires. Donc on va devoir un petit peu ouvrir le recrutement. A mon avis, on va aller beaucoup en France, s\u00fbrement au Luxembourg aussi. On va aller un petit peu partout pour essayer d\u2019attirer plus de talents chez nous\u00ab&nbsp;, explique Emy Gilson, la responsable des ressources humaines d\u2019Odoo Odoo vient d\u2019ouvrir un bureau \u00e0 Duba\u00ef. En Belgique, la soci\u00e9t\u00e9 commence \u00e0 se sentir \u00e0 l\u2019\u00e9troit. Elle inaugurera un nouveau b\u00e2timent dans un an et demi.","protected":false},"author":1,"featured_media":0,"parent":322,"menu_order":0,"comment_status":"closed","ping_status":"closed","template":"","meta":{"footnotes":""},"_links":{"self":[{"href":"https:\/\/doosys.ma\/en\/wp-json\/wp\/v2\/pages\/324"}],"collection":[{"href":"https:\/\/doosys.ma\/en\/wp-json\/wp\/v2\/pages"}],"about":[{"href":"https:\/\/doosys.ma\/en\/wp-json\/wp\/v2\/types\/page"}],"author":[{"embeddable":true,"href":"https:\/\/doosys.ma\/en\/wp-json\/wp\/v2\/users\/1"}],"replies":[{"embeddable":true,"href":"https:\/\/doosys.ma\/en\/wp-json\/wp\/v2\/comments?post=324"}],"version-history":[{"count":0,"href":"https:\/\/doosys.ma\/en\/wp-json\/wp\/v2\/pages\/324\/revisions"}],"up":[{"embeddable":true,"href":"https:\/\/doosys.ma\/en\/wp-json\/wp\/v2\/pages\/322"}],"wp:attachment":[{"href":"https:\/\/doosys.ma\/en\/wp-json\/wp\/v2\/media?parent=324"}],"curies":[{"name":"wp","href":"https:\/\/api.w.org\/{rel}","templated":true}]}}