{"id":322,"date":"2019-02-28T07:43:29","date_gmt":"2019-02-28T07:43:29","guid":{"rendered":"https:\/\/doosys.ma\/blogs\/"},"modified":"2021-06-25T11:58:03","modified_gmt":"2021-06-25T11:58:03","slug":"blogs","status":"publish","type":"page","link":"https:\/\/doosys.ma\/en\/blogs\/","title":{"rendered":"Blogs"},"content":{"rendered":"<div id=\"tm-row-69e8d60facdd9\" class=\"vc_row vc_row-outer vc_row-fluid\"><div id=\"tm-column-69e8d60fad0c0\" class=\"wpb_column vc_column_container vc_col-sm-12\"><div class=\"vc_column-inner\"><div class=\"wpb_wrapper\">\n<div class=\"tm-heading below-separator center tm-animation move-up\" id=\"tm-heading-69e8d60fad277\">\n\t<h2 class=\"heading\" style=\"\">Blog<\/h2><div class=\"separator\"><\/div><\/div>\n\n<div class=\"tm-spacer\" id=\"tm-spacer-69e8d60fad4b6\"><\/div>\n<div id=\"tm-row-inner-69e8d60fad71f\" class=\"vc_row vc_inner vc_row-fluid\"><div id=\"tm-column-inner-69e8d60fad96f\" class=\"wpb_column vc_column_container vc_col-sm-12\"><div class=\"vc_column-inner\"><div class=\"wpb_wrapper\">\n\t<div class=\"tm-grid-wrapper tm-blog style-grid-classic filter-style-01\" id=\"tm-blog-69e8d60fadad6\"\n\t\t\n\t\t\n\t\t data-filter-type=\"static\"\n\n\t\t\n\t\t\t>\n\t\t\n\t\t\n\t\t<div class=\"tm-filter-button-group center\"\n\t\t\t\t\t>\n\t\t\t\n\t\t\t\t\t\t<div class=\"tm-filter-button-group-inner\">\n\t\t\t\t\t\t\t<a href=\"javascript:void(0);\" class=\"btn-filter current\"\n\t\t\t\t\t\t\t   data-filter=\"*\" data-filter-count=\"10\">\n\t\t\t\t\t\t\t\t<span class=\"filter-text\">All<\/span>\n\t\t\t\t\t\t\t<\/a>\n\t\t\t\t\t\t\t<a href=\"javascript:void(0);\" class=\"btn-filter\" data-filter=\".category-digitale\" data-ajax-filter=\"category:digitale\" data-filter-count=\"3\"><span class=\"filter-text\">Digitale<\/span><\/a><a href=\"javascript:void(0);\" class=\"btn-filter\" data-filter=\".category-news\" data-ajax-filter=\"category:news\" data-filter-count=\"4\"><span class=\"filter-text\">News<\/span><\/a><a href=\"javascript:void(0);\" class=\"btn-filter\" data-filter=\".category-uncategorized\" data-ajax-filter=\"category:uncategorized\" data-filter-count=\"2\"><span class=\"filter-text\">Unclassified<\/span><\/a><a href=\"javascript:void(0);\" class=\"btn-filter\" data-filter=\".category-personal\" data-ajax-filter=\"category:personal\" data-filter-count=\"2\"><span class=\"filter-text\">personal<\/span><\/a>\t\t\t\t\t\t<\/div>\n\n\t\t\t\t\t\t\n\t\t<\/div>\n\t\t\n\t\t<input type=\"hidden\" class=\"tm-grid-query\" value=\"{&quot;post_type&quot;:&quot;post&quot;,&quot;posts_per_page&quot;:&quot;9&quot;,&quot;orderby&quot;:&quot;date&quot;,&quot;order&quot;:&quot;DESC&quot;,&quot;paged&quot;:1,&quot;post_status&quot;:&quot;publish&quot;,&quot;post__not_in&quot;:[],&quot;action&quot;:&quot;post_infinite_load&quot;,&quot;max_num_pages&quot;:2,&quot;found_posts&quot;:10,&quot;taxonomies&quot;:&quot;&quot;,&quot;style&quot;:&quot;grid-classic&quot;,&quot;pagination&quot;:&quot;&quot;,&quot;count&quot;:9,&quot;metro_layout&quot;:&quot;%5B%7B%22size%22%3A%222%3A2%22%7D%2C%7B%22size%22%3A%221%3A1%22%7D%2C%7B%22size%22%3A%221%3A1%22%7D%2C%7B%22size%22%3A%222%3A2%22%7D%2C%7B%22size%22%3A%221%3A1%22%7D%2C%7B%22size%22%3A%221%3A1%22%7D%5D&quot;}\"\/>\n\n\t\t<div class=\"tm-grid modern-grid has-animation move-up\"\n\t\t\t\t\t>\n\t\t\t\t<div class=\"grid-item post-item post-3520 post type-post status-publish format-standard has-post-thumbnail hentry category-digitale\">\n\t\t<div class=\"post-wrapper\">\n\n\t\t\t\t\t\t\t<div class=\"post-feature post-thumbnail\">\n\t\t\t\t\t<a href=\"https:\/\/doosys.ma\/en\/mithra-desobry-easyfairs-gobert-et-odoo-nomines-pour-l-entreprise-de-lannee\/\">\n\t\t\t\t\t\t<img loading=\"lazy\" decoding=\"async\"  class=\"ll-image unload\" alt=\"29-1030x579\" width=\"370\" height=\"230\" data-src-retina=\"https:\/\/doosys.ma\/wp-content\/uploads\/2021\/07\/29-1030x579-1-370x230@2x.jpg\" src=\"https:\/\/doosys.ma\/wp-content\/uploads\/2021\/07\/29-1030x579-1-50x31.jpg\" data-src=\"https:\/\/doosys.ma\/wp-content\/uploads\/2021\/07\/29-1030x579-1-370x230.jpg\" \/>\t\t\t\t\t<\/a>\n\t\t\t\t<\/div>\n\t\t\t\n\t\t\t<div class=\"post-info\">\n\t\t\t\t<div class=\"post-meta\">\n\t\t\t\t\t\n<div class=\"post-date\">\n\n\t\n\t\t<span class=\"far fa-calendar meta-icon\"><\/span>\n\n\t\tJuly 12, 2021\n\t\t\n<\/div>\n\n\t\t\t\t\t\t\t\t\t<\/div>\n\n\t\t\t\t<h3 class=\"post-title\">\n\t<a href=\"https:\/\/doosys.ma\/en\/mithra-desobry-easyfairs-gobert-et-odoo-nomines-pour-l-entreprise-de-lannee\/\">Mithra, Desobry, Easyfairs, Gobert and Odoo nominated for \"Company of the Year\"<\/a>\n<\/h3>\n\n\t\t\t\t<div class=\"post-excerpt\">\n\t\t\t\t\t<p>Desobry (Tournai), Easyfairs (Brussels), Gobert (Ghlin), Mithra Pharmaceuticals (Li\u00e8ge) and Odoo (Grand-Rosi\u00e8re) are in the running for the 23rd company prize of ...<\/p>\t\t\t\t<\/div>\n\n\t\t\t\t<div class=\"post-read-more style-link\">\n\t<a href=\"https:\/\/doosys.ma\/en\/mithra-desobry-easyfairs-gobert-et-odoo-nomines-pour-l-entreprise-de-lannee\/\" class=\"btn-read-more\">\n\t\t<span class=\"btn-text\">\n\t\t\tRead more\t\t<\/span>\n\t<\/a>\n<\/div>\n\n\t\t\t<\/div>\n\n\t\t<\/div>\n\t<\/div>\n\t<div class=\"grid-item post-item post-3517 post type-post status-publish format-standard has-post-thumbnail hentry category-news\">\n\t\t<div class=\"post-wrapper\">\n\n\t\t\t\t\t\t\t<div class=\"post-feature post-thumbnail\">\n\t\t\t\t\t<a href=\"https:\/\/doosys.ma\/en\/philippe-et-mathilde-a-la-decouverte-de-lest-du-brabant-wallon\/\">\n\t\t\t\t\t\t<img loading=\"lazy\" decoding=\"async\"  class=\"ll-image unload\" alt=\"27\" width=\"370\" height=\"230\" data-src-retina=\"https:\/\/doosys.ma\/wp-content\/uploads\/2021\/07\/27-370x230@2x.jpg\" src=\"https:\/\/doosys.ma\/wp-content\/uploads\/2021\/07\/27-50x31.jpg\" data-src=\"https:\/\/doosys.ma\/wp-content\/uploads\/2021\/07\/27-370x230.jpg\" \/>\t\t\t\t\t<\/a>\n\t\t\t\t<\/div>\n\t\t\t\n\t\t\t<div class=\"post-info\">\n\t\t\t\t<div class=\"post-meta\">\n\t\t\t\t\t\n<div class=\"post-date\">\n\n\t\n\t\t<span class=\"far fa-calendar meta-icon\"><\/span>\n\n\t\tJuly 12, 2021\n\t\t\n<\/div>\n\n\t\t\t\t\t\t\t\t\t<\/div>\n\n\t\t\t\t<h3 class=\"post-title\">\n\t<a href=\"https:\/\/doosys.ma\/en\/philippe-et-mathilde-a-la-decouverte-de-lest-du-brabant-wallon\/\">Philippe and Mathilde discovering the east of Walloon Brabant<\/a>\n<\/h3>\n\n\t\t\t\t<div class=\"post-excerpt\">\n\t\t\t\t\t<p>The east of Walloon Brabant was in the spotlight on Tuesday. As part of a provincial visit, Philippe and Mathilde went to ...<\/p>\t\t\t\t<\/div>\n\n\t\t\t\t<div class=\"post-read-more style-link\">\n\t<a href=\"https:\/\/doosys.ma\/en\/philippe-et-mathilde-a-la-decouverte-de-lest-du-brabant-wallon\/\" class=\"btn-read-more\">\n\t\t<span class=\"btn-text\">\n\t\t\tRead more\t\t<\/span>\n\t<\/a>\n<\/div>\n\n\t\t\t<\/div>\n\n\t\t<\/div>\n\t<\/div>\n\t<div class=\"grid-item post-item post-3514 post type-post status-publish format-standard has-post-thumbnail hentry category-personal\">\n\t\t<div class=\"post-wrapper\">\n\n\t\t\t\t\t\t\t<div class=\"post-feature post-thumbnail\">\n\t\t\t\t\t<a href=\"https:\/\/doosys.ma\/en\/la-societe-odoo-sagrandit\/\">\n\t\t\t\t\t\t<img loading=\"lazy\" decoding=\"async\"  class=\"ll-image unload\" alt=\"31\" width=\"370\" height=\"230\" data-src-retina=\"https:\/\/doosys.ma\/wp-content\/uploads\/2021\/07\/31-370x230@2x.jpg\" src=\"https:\/\/doosys.ma\/wp-content\/uploads\/2021\/07\/31-50x31.jpg\" data-src=\"https:\/\/doosys.ma\/wp-content\/uploads\/2021\/07\/31-370x230.jpg\" \/>\t\t\t\t\t<\/a>\n\t\t\t\t<\/div>\n\t\t\t\n\t\t\t<div class=\"post-info\">\n\t\t\t\t<div class=\"post-meta\">\n\t\t\t\t\t\n<div class=\"post-date\">\n\n\t\n\t\t<span class=\"far fa-calendar meta-icon\"><\/span>\n\n\t\tJuly 12, 2021\n\t\t\n<\/div>\n\n\t\t\t\t\t\t\t\t\t<\/div>\n\n\t\t\t\t<h3 class=\"post-title\">\n\t<a href=\"https:\/\/doosys.ma\/en\/la-societe-odoo-sagrandit\/\">The Odoo company is growing<\/a>\n<\/h3>\n\n\t\t\t\t<div class=\"post-excerpt\">\n\t\t\t\t\t<p>The Odoo company, specializing in software creation, has inaugurated its new offices located in a former farm in Grand-Rosi\u00e8re. ...<\/p>\t\t\t\t<\/div>\n\n\t\t\t\t<div class=\"post-read-more style-link\">\n\t<a href=\"https:\/\/doosys.ma\/en\/la-societe-odoo-sagrandit\/\" class=\"btn-read-more\">\n\t\t<span class=\"btn-text\">\n\t\t\tRead more\t\t<\/span>\n\t<\/a>\n<\/div>\n\n\t\t\t<\/div>\n\n\t\t<\/div>\n\t<\/div>\n\t<div class=\"grid-item post-item post-3511 post type-post status-publish format-standard has-post-thumbnail hentry category-news\">\n\t\t<div class=\"post-wrapper\">\n\n\t\t\t\t\t\t\t<div class=\"post-feature post-thumbnail\">\n\t\t\t\t\t<a href=\"https:\/\/doosys.ma\/en\/le-roi-a-ete-invite-a-realiser-un-site-web-lors-de-sa-visite-chez-odoo-ce-mardi\/\">\n\t\t\t\t\t\t<img loading=\"lazy\" decoding=\"async\"  class=\"ll-image unload\" alt=\"28\" width=\"370\" height=\"230\" data-src-retina=\"https:\/\/doosys.ma\/wp-content\/uploads\/2021\/07\/28-370x230@2x.jpg\" src=\"https:\/\/doosys.ma\/wp-content\/uploads\/2021\/07\/28-50x31.jpg\" data-src=\"https:\/\/doosys.ma\/wp-content\/uploads\/2021\/07\/28-370x230.jpg\" \/>\t\t\t\t\t<\/a>\n\t\t\t\t<\/div>\n\t\t\t\n\t\t\t<div class=\"post-info\">\n\t\t\t\t<div class=\"post-meta\">\n\t\t\t\t\t\n<div class=\"post-date\">\n\n\t\n\t\t<span class=\"far fa-calendar meta-icon\"><\/span>\n\n\t\tJuly 12, 2021\n\t\t\n<\/div>\n\n\t\t\t\t\t\t\t\t\t<\/div>\n\n\t\t\t\t<h3 class=\"post-title\">\n\t<a href=\"https:\/\/doosys.ma\/en\/le-roi-a-ete-invite-a-realiser-un-site-web-lors-de-sa-visite-chez-odoo-ce-mardi\/\">The king was invited to create a website during his visit to Odoo on Tuesday<\/a>\n<\/h3>\n\n\t\t\t\t<div class=\"post-excerpt\">\n\t\t\t\t\t<p>The king and queen visited the premises of the computer company Odoo in Ramillies yesterday. They also went ...<\/p>\t\t\t\t<\/div>\n\n\t\t\t\t<div class=\"post-read-more style-link\">\n\t<a href=\"https:\/\/doosys.ma\/en\/le-roi-a-ete-invite-a-realiser-un-site-web-lors-de-sa-visite-chez-odoo-ce-mardi\/\" class=\"btn-read-more\">\n\t\t<span class=\"btn-text\">\n\t\t\tRead more\t\t<\/span>\n\t<\/a>\n<\/div>\n\n\t\t\t<\/div>\n\n\t\t<\/div>\n\t<\/div>\n\t<div class=\"grid-item post-item post-3486 post type-post status-publish format-standard has-post-thumbnail hentry category-uncategorized\">\n\t\t<div class=\"post-wrapper\">\n\n\t\t\t\t\t\t\t<div class=\"post-feature post-thumbnail\">\n\t\t\t\t\t<a href=\"https:\/\/doosys.ma\/en\/references-odoo-maroc\/\">\n\t\t\t\t\t\t<img loading=\"lazy\" decoding=\"async\"  class=\"ll-image unload\" alt=\"14\" width=\"128\" height=\"128\" src=\"https:\/\/doosys.ma\/wp-content\/uploads\/2021\/07\/14-50x50.png\" data-src=\"https:\/\/doosys.ma\/wp-content\/uploads\/2021\/07\/14.png\" \/>\t\t\t\t\t<\/a>\n\t\t\t\t<\/div>\n\t\t\t\n\t\t\t<div class=\"post-info\">\n\t\t\t\t<div class=\"post-meta\">\n\t\t\t\t\t\n<div class=\"post-date\">\n\n\t\n\t\t<span class=\"far fa-calendar meta-icon\"><\/span>\n\n\t\tJuly 12, 2021\n\t\t\n<\/div>\n\n\t\t\t\t\t\t\t\t\t<\/div>\n\n\t\t\t\t<h3 class=\"post-title\">\n\t<a href=\"https:\/\/doosys.ma\/en\/references-odoo-maroc\/\">Odoo Morocco references:<\/a>\n<\/h3>\n\n\t\t\t\t<div class=\"post-excerpt\">\n\t\t\t\t\t<p>Recommended by millions of users worldwide DB Nord SARL Social name: DB Nord Sector Activity: Agriculture DB Nord is a company ...<\/p>\t\t\t\t<\/div>\n\n\t\t\t\t<div class=\"post-read-more style-link\">\n\t<a href=\"https:\/\/doosys.ma\/en\/references-odoo-maroc\/\" class=\"btn-read-more\">\n\t\t<span class=\"btn-text\">\n\t\t\tRead more\t\t<\/span>\n\t<\/a>\n<\/div>\n\n\t\t\t<\/div>\n\n\t\t<\/div>\n\t<\/div>\n\t<div class=\"grid-item post-item post-3482 post type-post status-publish format-standard has-post-thumbnail hentry category-personal\">\n\t\t<div class=\"post-wrapper\">\n\n\t\t\t\t\t\t\t<div class=\"post-feature post-thumbnail\">\n\t\t\t\t\t<a href=\"https:\/\/doosys.ma\/en\/odoo-le-petit-poucet-wallon-aux-ambitions-de-geant-recrute-sans-cesse-ses-concurrents-sappellent-microsoft-sap-ou-oracle\/\">\n\t\t\t\t\t\t<img loading=\"lazy\" decoding=\"async\"  class=\"ll-image unload\" alt=\"25\" width=\"370\" height=\"230\" src=\"https:\/\/doosys.ma\/wp-content\/uploads\/2021\/07\/25-50x31.jpg\" data-src=\"https:\/\/doosys.ma\/wp-content\/uploads\/2021\/07\/25-370x230.jpg\" \/>\t\t\t\t\t<\/a>\n\t\t\t\t<\/div>\n\t\t\t\n\t\t\t<div class=\"post-info\">\n\t\t\t\t<div class=\"post-meta\">\n\t\t\t\t\t\n<div class=\"post-date\">\n\n\t\n\t\t<span class=\"far fa-calendar meta-icon\"><\/span>\n\n\t\tJuly 12, 2021\n\t\t\n<\/div>\n\n\t\t\t\t\t\t\t\t\t<\/div>\n\n\t\t\t\t<h3 class=\"post-title\">\n\t<a href=\"https:\/\/doosys.ma\/en\/odoo-le-petit-poucet-wallon-aux-ambitions-de-geant-recrute-sans-cesse-ses-concurrents-sappellent-microsoft-sap-ou-oracle\/\">Odoo, the Walloon little thumb with giant ambitions, is constantly recruiting: its competitors are Microsoft, SAP or Oracle<\/a>\n<\/h3>\n\n\t\t\t\t<div class=\"post-excerpt\">\n\t\t\t\t\t<p>Close-up on the Odoo company in Walloon Brabant. It sells business management software and has 580 workers and ...<\/p>\t\t\t\t<\/div>\n\n\t\t\t\t<div class=\"post-read-more style-link\">\n\t<a href=\"https:\/\/doosys.ma\/en\/odoo-le-petit-poucet-wallon-aux-ambitions-de-geant-recrute-sans-cesse-ses-concurrents-sappellent-microsoft-sap-ou-oracle\/\" class=\"btn-read-more\">\n\t\t<span class=\"btn-text\">\n\t\t\tRead more\t\t<\/span>\n\t<\/a>\n<\/div>\n\n\t\t\t<\/div>\n\n\t\t<\/div>\n\t<\/div>\n\t<div class=\"grid-item post-item post-3478 post type-post status-publish format-standard has-post-thumbnail hentry category-uncategorized\">\n\t\t<div class=\"post-wrapper\">\n\n\t\t\t\t\t\t\t<div class=\"post-feature post-thumbnail\">\n\t\t\t\t\t<a href=\"https:\/\/doosys.ma\/en\/la-rentree-economique-trends-la-premiere-cest-ce-lundi\/\">\n\t\t\t\t\t\t<img loading=\"lazy\" decoding=\"async\"  class=\"ll-image unload\" alt=\"26\" width=\"370\" height=\"230\" src=\"https:\/\/doosys.ma\/wp-content\/uploads\/2021\/07\/26-50x31.jpg\" data-src=\"https:\/\/doosys.ma\/wp-content\/uploads\/2021\/07\/26-370x230.jpg\" \/>\t\t\t\t\t<\/a>\n\t\t\t\t<\/div>\n\t\t\t\n\t\t\t<div class=\"post-info\">\n\t\t\t\t<div class=\"post-meta\">\n\t\t\t\t\t\n<div class=\"post-date\">\n\n\t\n\t\t<span class=\"far fa-calendar meta-icon\"><\/span>\n\n\t\tJuly 12, 2021\n\t\t\n<\/div>\n\n\t\t\t\t\t\t\t\t\t<\/div>\n\n\t\t\t\t<h3 class=\"post-title\">\n\t<a href=\"https:\/\/doosys.ma\/en\/la-rentree-economique-trends-la-premiere-cest-ce-lundi\/\">The Trends-La Premi\u00e8re economic start is this Monday<\/a>\n<\/h3>\n\n\t\t\t\t<div class=\"post-excerpt\">\n\t\t\t\t\t<p>The special program on the theme \"Failure is a diploma\" will be broadcast on La Premi\u00e8re, this Monday January 28 at 7:10 pm ...<\/p>\t\t\t\t<\/div>\n\n\t\t\t\t<div class=\"post-read-more style-link\">\n\t<a href=\"https:\/\/doosys.ma\/en\/la-rentree-economique-trends-la-premiere-cest-ce-lundi\/\" class=\"btn-read-more\">\n\t\t<span class=\"btn-text\">\n\t\t\tRead more\t\t<\/span>\n\t<\/a>\n<\/div>\n\n\t\t\t<\/div>\n\n\t\t<\/div>\n\t<\/div>\n\t<div class=\"grid-item post-item post-3152 post type-post status-publish format-standard has-post-thumbnail hentry category-digitale category-news\">\n\t\t<div class=\"post-wrapper\">\n\n\t\t\t\t\t\t\t<div class=\"post-feature post-thumbnail\">\n\t\t\t\t\t<a href=\"https:\/\/doosys.ma\/en\/la-ram-lance-sa-premiere-experience-dopen-innovation\/\">\n\t\t\t\t\t\t<img loading=\"lazy\" decoding=\"async\"  class=\"ll-image unload\" alt=\"1\" width=\"370\" height=\"230\" src=\"https:\/\/doosys.ma\/wp-content\/uploads\/2021\/06\/1-50x31.jpg\" data-src=\"https:\/\/doosys.ma\/wp-content\/uploads\/2021\/06\/1-370x230.jpg\" \/>\t\t\t\t\t<\/a>\n\t\t\t\t<\/div>\n\t\t\t\n\t\t\t<div class=\"post-info\">\n\t\t\t\t<div class=\"post-meta\">\n\t\t\t\t\t\n<div class=\"post-date\">\n\n\t\n\t\t<span class=\"far fa-calendar meta-icon\"><\/span>\n\n\t\tAugust 25, 2018\n\t\t\n<\/div>\n\n\t\t\t\t\t\t\t\t\t<\/div>\n\n\t\t\t\t<h3 class=\"post-title\">\n\t<a href=\"https:\/\/doosys.ma\/en\/la-ram-lance-sa-premiere-experience-dopen-innovation\/\">RAM launches its first Open Innovation experiment<\/a>\n<\/h3>\n\n\t\t\t\t<div class=\"post-excerpt\">\n\t\t\t\t\t<p>Royal Air Maroc is organizing, in partnership with Boeing and General Electric, its first Open Innovation program (# RAM747), with the aim of accelerating the innovation movement ...<\/p>\t\t\t\t<\/div>\n\n\t\t\t\t<div class=\"post-read-more style-link\">\n\t<a href=\"https:\/\/doosys.ma\/en\/la-ram-lance-sa-premiere-experience-dopen-innovation\/\" class=\"btn-read-more\">\n\t\t<span class=\"btn-text\">\n\t\t\tRead more\t\t<\/span>\n\t<\/a>\n<\/div>\n\n\t\t\t<\/div>\n\n\t\t<\/div>\n\t<\/div>\n\t<div class=\"grid-item post-item post-3155 post type-post status-publish format-standard has-post-thumbnail hentry category-digitale\">\n\t\t<div class=\"post-wrapper\">\n\n\t\t\t\t\t\t\t<div class=\"post-feature post-thumbnail\">\n\t\t\t\t\t<a href=\"https:\/\/doosys.ma\/en\/open-source\/\">\n\t\t\t\t\t\t<img loading=\"lazy\" decoding=\"async\"  class=\"ll-image unload\" alt=\"2\" width=\"350\" height=\"200\" src=\"https:\/\/doosys.ma\/wp-content\/uploads\/2021\/06\/2-50x28.jpg\" data-src=\"https:\/\/doosys.ma\/wp-content\/uploads\/2021\/06\/2.jpg\" \/>\t\t\t\t\t<\/a>\n\t\t\t\t<\/div>\n\t\t\t\n\t\t\t<div class=\"post-info\">\n\t\t\t\t<div class=\"post-meta\">\n\t\t\t\t\t\n<div class=\"post-date\">\n\n\t\n\t\t<span class=\"far fa-calendar meta-icon\"><\/span>\n\n\t\tAugust 25, 2018\n\t\t\n<\/div>\n\n\t\t\t\t\t\t\t\t\t<\/div>\n\n\t\t\t\t<h3 class=\"post-title\">\n\t<a href=\"https:\/\/doosys.ma\/en\/open-source\/\">Open source<\/a>\n<\/h3>\n\n\t\t\t\t<div class=\"post-excerpt\">\n\t\t\t\t\t<p>The designation open source, or \"open source code,\" applies to software (and now extends to works of the mind) licensed under ...<\/p>\t\t\t\t<\/div>\n\n\t\t\t\t<div class=\"post-read-more style-link\">\n\t<a href=\"https:\/\/doosys.ma\/en\/open-source\/\" class=\"btn-read-more\">\n\t\t<span class=\"btn-text\">\n\t\t\tRead more\t\t<\/span>\n\t<\/a>\n<\/div>\n\n\t\t\t<\/div>\n\n\t\t<\/div>\n\t<\/div>\n\t\t<\/div>\n\n\t\t\n\t<\/div>\n<\/div><\/div><\/div><\/div><\/div><\/div><\/div><\/div>","protected":false},"excerpt":{"rendered":"La d\u00e9signation&nbsp;open source, ou \u00ab&nbsp;code source ouvert&nbsp;\u00bb, s\u2019applique aux logiciels (et s\u2019\u00e9tend maintenant aux \u0153uvres de l\u2019esprit) dont la licence respecte des crit\u00e8res pr\u00e9cis\u00e9ment \u00e9tablis par l\u2019Open Source Initiative, c\u2019est-\u00e0-dire les possibilit\u00e9s de libre redistribution, d\u2019acc\u00e8s au code source et de cr\u00e9ation de travaux d\u00e9riv\u00e9s. Mis \u00e0 la disposition du grand public, ce code source est g\u00e9n\u00e9ralement le r\u00e9sultat d\u2019une collaboration entre programmeurs. Le mouvement open source s\u2019est constitu\u00e9 en 1998 sous l\u2019impulsion d\u2019Eric Raymond et s\u2019est d\u00e9velopp\u00e9 en opposition au mouvement du logiciel libre qui pr\u00f4ne des valeurs philosophiques et politiques de justice, tandis que l\u2019open source&nbsp;se focalise sur des consid\u00e9rations techniques de d\u00e9veloppement logiciel et ne voit pas de probl\u00e8me \u00e0 l\u2019utilisation de syst\u00e8mes int\u00e9gr\u00e9s combinant logiciels propri\u00e9taires et logiciels open source. Dans la pratique toutefois, la tr\u00e8s grande majorit\u00e9 des logiciels open source sont \u00e9galement libres, l\u2019exception la plus notable \u00e9tant les logiciels pratiquant la tivo\u00efsation. L\u2019open source&nbsp;a d\u00e9j\u00e0 investi tous les grands domaines du syst\u00e8me d\u2019information des administrations fran\u00e7aises1&nbsp;: environnements serveurs, domaines applicatifs, outils d\u2019ing\u00e9nierie, solutions de r\u00e9seaux et s\u00e9curit\u00e9. Les solutions&nbsp;open source&nbsp;sont d\u00e9sormais au m\u00eame rang que les solutions propri\u00e9taires dans le paysage des logiciels du secteur public. Les d\u00e9cideurs effectuent d\u2019ailleurs de plus en plus leur choix \u00e0 partir d\u2019un jugement \u00e9clair\u00e9, en comparant syst\u00e9matiquement solutions propri\u00e9taires et solutions libres.","protected":false},"author":1,"featured_media":0,"parent":0,"menu_order":0,"comment_status":"closed","ping_status":"closed","template":"","meta":{"footnotes":""},"_links":{"self":[{"href":"https:\/\/doosys.ma\/en\/wp-json\/wp\/v2\/pages\/322"}],"collection":[{"href":"https:\/\/doosys.ma\/en\/wp-json\/wp\/v2\/pages"}],"about":[{"href":"https:\/\/doosys.ma\/en\/wp-json\/wp\/v2\/types\/page"}],"author":[{"embeddable":true,"href":"https:\/\/doosys.ma\/en\/wp-json\/wp\/v2\/users\/1"}],"replies":[{"embeddable":true,"href":"https:\/\/doosys.ma\/en\/wp-json\/wp\/v2\/comments?post=322"}],"version-history":[{"count":17,"href":"https:\/\/doosys.ma\/en\/wp-json\/wp\/v2\/pages\/322\/revisions"}],"predecessor-version":[{"id":3192,"href":"https:\/\/doosys.ma\/en\/wp-json\/wp\/v2\/pages\/322\/revisions\/3192"}],"wp:attachment":[{"href":"https:\/\/doosys.ma\/en\/wp-json\/wp\/v2\/media?parent=322"}],"curies":[{"name":"wp","href":"https:\/\/api.w.org\/{rel}","templated":true}]}}